{"id":983,"date":"2025-05-13T17:18:49","date_gmt":"2025-05-13T21:18:49","guid":{"rendered":"http:\/\/172.16.1.168\/wordpress\/?page_id=983"},"modified":"2025-08-20T13:31:06","modified_gmt":"2025-08-20T17:31:06","slug":"lucha-contra-la-corrupcion","status":"publish","type":"page","link":"https:\/\/eba.com.bo\/index.php\/lucha-contra-la-corrupcion\/","title":{"rendered":"Lucha contra la Corrupci\u00f3n"},"content":{"rendered":"\n<div class=\"wp-block-stackable-columns stk-block-columns stk-block stk-28f2c94\" data-block-id=\"28f2c94\"><div class=\"stk-row stk-inner-blocks stk-block-content stk-content-align stk-28f2c94-column\">\n<div class=\"wp-block-stackable-column stk-block-column stk-column stk-block stk-9c771b3\" data-v=\"4\" data-block-id=\"9c771b3\"><style>@media screen and (min-width:690px){.stk-9c771b3 {flex:var(--stk-flex-grow, 1) 1 calc(15% - var(--stk-column-gap, 0px) * 2 \/ 3 ) !important;}}<\/style><div class=\"stk-column-wrapper stk-block-column__content stk-container stk-9c771b3-container stk--no-background stk--no-padding\"><div class=\"stk-block-content stk-inner-blocks stk-9c771b3-inner-blocks\"><\/div><\/div><\/div>\n\n\n\n<div class=\"wp-block-stackable-column stk-block-column stk-column stk-block stk-b3b59a5\" data-v=\"4\" data-block-id=\"b3b59a5\"><style>@media screen and (min-width:690px){.stk-b3b59a5 {flex:var(--stk-flex-grow, 1) 1 calc(70% - var(--stk-column-gap, 0px) * 2 \/ 3 ) !important;}}<\/style><div class=\"stk-column-wrapper stk-block-column__content stk-container stk-b3b59a5-container stk--no-background stk--no-padding\"><div class=\"stk-block-content stk-inner-blocks stk-b3b59a5-inner-blocks\">\n<h4 class=\"wp-block-heading\">UNIDAD DE TRANSPARENCIA Y LUCHA CONTRA LA CORRUPCI\u00d3N.<\/h4>\n\n\n\n<p class=\"has-small-font-size wp-block-paragraph\">La Ley N\u00b0 974, de Unidades de Transparencia y Lucha Contra la Corrupci\u00f3n al referirse a la Unidad de Transparencia, establece que es toda instancia con recursos humanos suficientes, responsable de gestionar las denuncias por actos de corrupci\u00f3n y llevar adelante las pol\u00edticas de transparencia y lucha contra la corrupci\u00f3n, independientemente de su estructura y nivel jer\u00e1rquico.<\/p>\n\n\n\n<h4 class=\"wp-block-heading\">TRANSPARENCIA<\/h4>\n\n\n\n<p class=\"has-small-font-size wp-block-paragraph\">La Transparencia es entendida como la administraci\u00f3n de los recursos del Estado visible y limpia, por parte de las servidoras y los servidores p\u00fablicos, personas naturales y jur\u00eddicas, nacionales y extranjeras, que presten servicios o comprometan recursos del Estado. As\u00ed como, la honestidad e idoneidad en los actos p\u00fablicos, y el acceso a la informaci\u00f3n en forma veraz, oportuna, comprensible y confiable, salvo la restringida por norma expresa.<\/p>\n\n\n\n<h4 class=\"wp-block-heading\">LUCHA CONTRA LA CORRUPCI\u00d3N<\/h4>\n\n\n\n<p class=\"has-small-font-size wp-block-paragraph\">La lucha contra la corrupci\u00f3n est\u00e1 compuesta por pol\u00edticas, planes, programas, proyectos, mecanismos y acciones, destinadas a realizar el seguimiento, monitoreo y gesti\u00f3n de denuncias por actos de corrupci\u00f3n; y como consecuencia persigue la recuperaci\u00f3n del da\u00f1o econ\u00f3mico causado al Estado.<\/p>\n\n\n\n<h4 class=\"wp-block-heading\">GESTI\u00d3N DE DENUNCIAS.<\/h4>\n\n\n\n<p class=\"has-small-font-size wp-block-paragraph\">La Unidad de Transparencia y Lucha Contra la Corrupci\u00f3n, es la instancia encargada de la recepci\u00f3n, admisi\u00f3n, obtenci\u00f3n de informaci\u00f3n, an\u00e1lisis, emisi\u00f3n de Informe Final y denuncia, cuando corresponda, por actos de corrupci\u00f3n.<\/p>\n\n\n\n<h4 class=\"wp-block-heading\">DENUNCIAS<\/h4>\n\n\n\n<p class=\"has-small-font-size wp-block-paragraph\">La persona que conozca posibles actos de corrupci\u00f3n, negativa injustificada de acceso a la informaci\u00f3n y vulneraci\u00f3n del C\u00f3digo de \u00c9tica; en la empresa p\u00fablica, deber\u00e1 efectuar la denuncia correspondiente en forma verbal o escrita, ante la Unidad de Transparencia y Lucha Contra la Corrupci\u00f3n.<\/p>\n\n\n\n<h4 class=\"wp-block-heading\">PRESENTAR LA DENUNCIA<\/h4>\n\n\n\n<p class=\"has-small-font-size wp-block-paragraph\">Las denuncias por actos de corrupci\u00f3n, negativa injustificada de acceso a la informaci\u00f3n y vulneraci\u00f3n del C\u00f3digo de \u00c9tica; deben ser presentados en la oficina de la Unidad de Transparencia y Lucha Contra la Corrupci\u00f3n de la Empresa Boliviana de Alimentos y derivados EBA, ubicada en el piso 4, del edificio Hermanos Maldonado, avenida Arce N\u00b02382, zona Sopocachi.<\/p>\n<\/div><\/div><\/div>\n\n\n\n<div class=\"wp-block-stackable-column stk-block-column stk-column stk-block stk-91d9d02\" data-v=\"4\" data-block-id=\"91d9d02\"><style>@media screen and (min-width:690px){.stk-91d9d02 {flex:var(--stk-flex-grow, 1) 1 calc(15% - var(--stk-column-gap, 0px) * 2 \/ 3 ) !important;}}<\/style><div class=\"stk-column-wrapper stk-block-column__content stk-container stk-91d9d02-container stk--no-background stk--no-padding\"><div class=\"stk-block-content stk-inner-blocks stk-91d9d02-inner-blocks\"><\/div><\/div><\/div>\n<\/div><\/div>\n","protected":false},"excerpt":{"rendered":"<p>UNIDAD DE TRANSPARENCIA Y LUCHA CONTRA LA CORRUPCI\u00d3N. La Ley N\u00b0 974, de Unidades de Transparencia y Lucha Contra la Corrupci\u00f3n al referirse a la Unidad de Transparencia, establece que es toda instancia con recursos humanos suficientes, responsable de gestionar las denuncias por actos de corrupci\u00f3n y llevar adelante las pol\u00edticas de transparencia y lucha [&hellip;]<\/p>\n","protected":false},"author":1,"featured_media":0,"parent":0,"menu_order":0,"comment_status":"closed","ping_status":"closed","template":"","meta":{"_crdt_document":"","footnotes":""},"class_list":["post-983","page","type-page","status-publish","hentry"],"blocksy_meta":[],"yoast_head":"<!-- This site is optimized with the Yoast SEO plugin v27.3 - https:\/\/yoast.com\/product\/yoast-seo-wordpress\/ -->\n<title>Lucha contra la Corrupci\u00f3n - Pagina WEB de la EBA<\/title>\n<meta name=\"robots\" content=\"index, follow, max-snippet:-1, max-image-preview:large, max-video-preview:-1\" \/>\n<link rel=\"canonical\" href=\"https:\/\/eba.com.bo\/index.php\/lucha-contra-la-corrupcion\/\" \/>\n<meta property=\"og:locale\" content=\"es_MX\" \/>\n<meta property=\"og:type\" content=\"article\" \/>\n<meta property=\"og:title\" content=\"Lucha contra la Corrupci\u00f3n - Pagina WEB de la EBA\" \/>\n<meta property=\"og:description\" content=\"UNIDAD DE TRANSPARENCIA Y LUCHA CONTRA LA CORRUPCI\u00d3N. La Ley N\u00b0 974, de Unidades de Transparencia y Lucha Contra la Corrupci\u00f3n al referirse a la Unidad de Transparencia, establece que es toda instancia con recursos humanos suficientes, responsable de gestionar las denuncias por actos de corrupci\u00f3n y llevar adelante las pol\u00edticas de transparencia y lucha [&hellip;]\" \/>\n<meta property=\"og:url\" content=\"https:\/\/eba.com.bo\/index.php\/lucha-contra-la-corrupcion\/\" \/>\n<meta property=\"og:site_name\" content=\"Pagina WEB de la EBA\" \/>\n<meta property=\"article:publisher\" content=\"https:\/\/www.facebook.com\/EmpresaBolivianadeAlimentos?locale=es_LA\" \/>\n<meta property=\"article:modified_time\" content=\"2025-08-20T17:31:06+00:00\" \/>\n<meta name=\"twitter:card\" content=\"summary_large_image\" \/>\n<meta name=\"twitter:site\" content=\"@ebabolivia\" \/>\n<meta name=\"twitter:label1\" content=\"Tiempo de lectura\" \/>\n\t<meta name=\"twitter:data1\" content=\"2 minutos\" \/>\n<script type=\"application\/ld+json\" class=\"yoast-schema-graph\">{\"@context\":\"https:\\\/\\\/schema.org\",\"@graph\":[{\"@type\":\"WebPage\",\"@id\":\"https:\\\/\\\/eba.com.bo\\\/index.php\\\/lucha-contra-la-corrupcion\\\/\",\"url\":\"https:\\\/\\\/eba.com.bo\\\/index.php\\\/lucha-contra-la-corrupcion\\\/\",\"name\":\"Lucha contra la Corrupci\u00f3n - Pagina WEB de la EBA\",\"isPartOf\":{\"@id\":\"https:\\\/\\\/eba.com.bo\\\/#website\"},\"datePublished\":\"2025-05-13T21:18:49+00:00\",\"dateModified\":\"2025-08-20T17:31:06+00:00\",\"breadcrumb\":{\"@id\":\"https:\\\/\\\/eba.com.bo\\\/index.php\\\/lucha-contra-la-corrupcion\\\/#breadcrumb\"},\"inLanguage\":\"es\",\"potentialAction\":[{\"@type\":\"ReadAction\",\"target\":[\"https:\\\/\\\/eba.com.bo\\\/index.php\\\/lucha-contra-la-corrupcion\\\/\"]}]},{\"@type\":\"BreadcrumbList\",\"@id\":\"https:\\\/\\\/eba.com.bo\\\/index.php\\\/lucha-contra-la-corrupcion\\\/#breadcrumb\",\"itemListElement\":[{\"@type\":\"ListItem\",\"position\":1,\"name\":\"Inicio\",\"item\":\"https:\\\/\\\/eba.com.bo\\\/\"},{\"@type\":\"ListItem\",\"position\":2,\"name\":\"Lucha contra la Corrupci\u00f3n\"}]},{\"@type\":\"WebSite\",\"@id\":\"https:\\\/\\\/eba.com.bo\\\/#website\",\"url\":\"https:\\\/\\\/eba.com.bo\\\/\",\"name\":\"Pagina WEB de la EBA\",\"description\":\"Empresa de Alimentos\",\"publisher\":{\"@id\":\"https:\\\/\\\/eba.com.bo\\\/#organization\"},\"potentialAction\":[{\"@type\":\"SearchAction\",\"target\":{\"@type\":\"EntryPoint\",\"urlTemplate\":\"https:\\\/\\\/eba.com.bo\\\/?s={search_term_string}\"},\"query-input\":{\"@type\":\"PropertyValueSpecification\",\"valueRequired\":true,\"valueName\":\"search_term_string\"}}],\"inLanguage\":\"es\"},{\"@type\":\"Organization\",\"@id\":\"https:\\\/\\\/eba.com.bo\\\/#organization\",\"name\":\"Pagina WEB de la EBA\",\"url\":\"https:\\\/\\\/eba.com.bo\\\/\",\"logo\":{\"@type\":\"ImageObject\",\"inLanguage\":\"es\",\"@id\":\"https:\\\/\\\/eba.com.bo\\\/#\\\/schema\\\/logo\\\/image\\\/\",\"url\":\"https:\\\/\\\/eba.com.bo\\\/wp-content\\\/uploads\\\/2026\\\/04\\\/logotipo-eba-02.png\",\"contentUrl\":\"https:\\\/\\\/eba.com.bo\\\/wp-content\\\/uploads\\\/2026\\\/04\\\/logotipo-eba-02.png\",\"width\":1063,\"height\":511,\"caption\":\"Pagina WEB de la EBA\"},\"image\":{\"@id\":\"https:\\\/\\\/eba.com.bo\\\/#\\\/schema\\\/logo\\\/image\\\/\"},\"sameAs\":[\"https:\\\/\\\/www.facebook.com\\\/EmpresaBolivianadeAlimentos?locale=es_LA\",\"https:\\\/\\\/x.com\\\/ebabolivia\"]}]}<\/script>\n<!-- \/ Yoast SEO plugin. -->","yoast_head_json":{"title":"Lucha contra la Corrupci\u00f3n - Pagina WEB de la EBA","robots":{"index":"index","follow":"follow","max-snippet":"max-snippet:-1","max-image-preview":"max-image-preview:large","max-video-preview":"max-video-preview:-1"},"canonical":"https:\/\/eba.com.bo\/index.php\/lucha-contra-la-corrupcion\/","og_locale":"es_MX","og_type":"article","og_title":"Lucha contra la Corrupci\u00f3n - Pagina WEB de la EBA","og_description":"UNIDAD DE TRANSPARENCIA Y LUCHA CONTRA LA CORRUPCI\u00d3N. La Ley N\u00b0 974, de Unidades de Transparencia y Lucha Contra la Corrupci\u00f3n al referirse a la Unidad de Transparencia, establece que es toda instancia con recursos humanos suficientes, responsable de gestionar las denuncias por actos de corrupci\u00f3n y llevar adelante las pol\u00edticas de transparencia y lucha [&hellip;]","og_url":"https:\/\/eba.com.bo\/index.php\/lucha-contra-la-corrupcion\/","og_site_name":"Pagina WEB de la EBA","article_publisher":"https:\/\/www.facebook.com\/EmpresaBolivianadeAlimentos?locale=es_LA","article_modified_time":"2025-08-20T17:31:06+00:00","twitter_card":"summary_large_image","twitter_site":"@ebabolivia","twitter_misc":{"Tiempo de lectura":"2 minutos"},"schema":{"@context":"https:\/\/schema.org","@graph":[{"@type":"WebPage","@id":"https:\/\/eba.com.bo\/index.php\/lucha-contra-la-corrupcion\/","url":"https:\/\/eba.com.bo\/index.php\/lucha-contra-la-corrupcion\/","name":"Lucha contra la Corrupci\u00f3n - Pagina WEB de la EBA","isPartOf":{"@id":"https:\/\/eba.com.bo\/#website"},"datePublished":"2025-05-13T21:18:49+00:00","dateModified":"2025-08-20T17:31:06+00:00","breadcrumb":{"@id":"https:\/\/eba.com.bo\/index.php\/lucha-contra-la-corrupcion\/#breadcrumb"},"inLanguage":"es","potentialAction":[{"@type":"ReadAction","target":["https:\/\/eba.com.bo\/index.php\/lucha-contra-la-corrupcion\/"]}]},{"@type":"BreadcrumbList","@id":"https:\/\/eba.com.bo\/index.php\/lucha-contra-la-corrupcion\/#breadcrumb","itemListElement":[{"@type":"ListItem","position":1,"name":"Inicio","item":"https:\/\/eba.com.bo\/"},{"@type":"ListItem","position":2,"name":"Lucha contra la Corrupci\u00f3n"}]},{"@type":"WebSite","@id":"https:\/\/eba.com.bo\/#website","url":"https:\/\/eba.com.bo\/","name":"Pagina WEB de la EBA","description":"Empresa de Alimentos","publisher":{"@id":"https:\/\/eba.com.bo\/#organization"},"potentialAction":[{"@type":"SearchAction","target":{"@type":"EntryPoint","urlTemplate":"https:\/\/eba.com.bo\/?s={search_term_string}"},"query-input":{"@type":"PropertyValueSpecification","valueRequired":true,"valueName":"search_term_string"}}],"inLanguage":"es"},{"@type":"Organization","@id":"https:\/\/eba.com.bo\/#organization","name":"Pagina WEB de la EBA","url":"https:\/\/eba.com.bo\/","logo":{"@type":"ImageObject","inLanguage":"es","@id":"https:\/\/eba.com.bo\/#\/schema\/logo\/image\/","url":"https:\/\/eba.com.bo\/wp-content\/uploads\/2026\/04\/logotipo-eba-02.png","contentUrl":"https:\/\/eba.com.bo\/wp-content\/uploads\/2026\/04\/logotipo-eba-02.png","width":1063,"height":511,"caption":"Pagina WEB de la EBA"},"image":{"@id":"https:\/\/eba.com.bo\/#\/schema\/logo\/image\/"},"sameAs":["https:\/\/www.facebook.com\/EmpresaBolivianadeAlimentos?locale=es_LA","https:\/\/x.com\/ebabolivia"]}]}},"_links":{"self":[{"href":"https:\/\/eba.com.bo\/index.php\/wp-json\/wp\/v2\/pages\/983","targetHints":{"allow":["GET"]}}],"collection":[{"href":"https:\/\/eba.com.bo\/index.php\/wp-json\/wp\/v2\/pages"}],"about":[{"href":"https:\/\/eba.com.bo\/index.php\/wp-json\/wp\/v2\/types\/page"}],"author":[{"embeddable":true,"href":"https:\/\/eba.com.bo\/index.php\/wp-json\/wp\/v2\/users\/1"}],"replies":[{"embeddable":true,"href":"https:\/\/eba.com.bo\/index.php\/wp-json\/wp\/v2\/comments?post=983"}],"version-history":[{"count":4,"href":"https:\/\/eba.com.bo\/index.php\/wp-json\/wp\/v2\/pages\/983\/revisions"}],"predecessor-version":[{"id":1918,"href":"https:\/\/eba.com.bo\/index.php\/wp-json\/wp\/v2\/pages\/983\/revisions\/1918"}],"wp:attachment":[{"href":"https:\/\/eba.com.bo\/index.php\/wp-json\/wp\/v2\/media?parent=983"}],"curies":[{"name":"wp","href":"https:\/\/api.w.org\/{rel}","templated":true}]}}