{"id":908,"date":"2025-05-13T13:08:27","date_gmt":"2025-05-13T17:08:27","guid":{"rendered":"http:\/\/172.16.1.168\/wordpress\/?page_id=908"},"modified":"2025-05-21T13:34:52","modified_gmt":"2025-05-21T17:34:52","slug":"banco-de-trabajos-de-investigacion","status":"publish","type":"page","link":"https:\/\/eba.com.bo\/index.php\/banco-de-trabajos-de-investigacion\/","title":{"rendered":"Banco de Trabajos de Investigaci\u00f3n"},"content":{"rendered":"\n<div class=\"wp-block-stackable-columns stk-block-columns stk-block stk-64a6580\" data-block-id=\"64a6580\"><div class=\"stk-row stk-inner-blocks stk-block-content stk-content-align stk-64a6580-column\">\n<div class=\"wp-block-stackable-column stk-block-column stk-column stk-block stk-066f0ec\" data-v=\"4\" data-block-id=\"066f0ec\"><div class=\"stk-column-wrapper stk-block-column__content stk-container stk-066f0ec-container stk--no-background stk--no-padding\"><div class=\"stk-block-content stk-inner-blocks stk-066f0ec-inner-blocks\">\n<h2 class=\"wp-block-heading alignwide has-text-align-center\">L\u00c1CTEOS<\/h2>\n\n\n\n<p class=\"wp-block-paragraph\">Al respecto, se informa que la Empresa Boliviana de Alimentos y derivados \u2013 EBA tiene establecido un CONVENIO INTERINSTITUCIONAL DE APOYO ESTRATEGICO ENTRE LA EMPRESA BOLIVIANA DE ALIMENTOS Y DERIVADOS \u2013 EBA Y LABORATORIOS IFA S.A. En el marco de este convenio la Gerencia de L\u00ednea de L\u00e1cteos viene trabajando desde esta gesti\u00f3n con Laboratorios IFA, quienes han formulado los n\u00facleos de fortificantes y vitaminas para los productos LECHE MULTIDEFENSAS CON DHA y LECHE CON YODO.&nbsp; Asimismo se tienen planificado el desarrollo de nuevas leches fortificadas entre otros productos. Por otra parte, se viene trabajando en el desarrollo de nuevas variedades de queso como ser: Mozzarella, cheddar y otros.<\/p>\n\n\n\n<figure class=\"wp-block-image aligncenter\"><img decoding=\"async\" src=\"https:\/\/www.eba.com.bo\/wp-content\/uploads\/2022\/10\/WhatsApp-Image-2022-10-13-at-11.41.00-1.jpeg\" alt=\"\" class=\"wp-image-2434\"\/><\/figure>\n<\/div><\/div><\/div>\n<\/div><\/div>\n","protected":false},"excerpt":{"rendered":"<p>L\u00c1CTEOS Al respecto, se informa que la Empresa Boliviana de Alimentos y derivados \u2013 EBA tiene establecido un CONVENIO INTERINSTITUCIONAL DE APOYO ESTRATEGICO ENTRE LA EMPRESA BOLIVIANA DE ALIMENTOS Y DERIVADOS \u2013 EBA Y LABORATORIOS IFA S.A. En el marco de este convenio la Gerencia de L\u00ednea de L\u00e1cteos viene trabajando desde esta gesti\u00f3n con [&hellip;]<\/p>\n","protected":false},"author":1,"featured_media":0,"parent":0,"menu_order":0,"comment_status":"closed","ping_status":"closed","template":"","meta":{"_crdt_document":"","footnotes":""},"class_list":["post-908","page","type-page","status-publish","hentry"],"blocksy_meta":[],"yoast_head":"<!-- This site is optimized with the Yoast SEO plugin v27.3 - https:\/\/yoast.com\/product\/yoast-seo-wordpress\/ -->\n<title>Banco de Trabajos de Investigaci\u00f3n - Pagina WEB de la EBA<\/title>\n<meta name=\"robots\" content=\"index, follow, max-snippet:-1, max-image-preview:large, max-video-preview:-1\" \/>\n<link rel=\"canonical\" href=\"https:\/\/eba.com.bo\/index.php\/banco-de-trabajos-de-investigacion\/\" \/>\n<meta property=\"og:locale\" content=\"es_MX\" \/>\n<meta property=\"og:type\" content=\"article\" \/>\n<meta property=\"og:title\" content=\"Banco de Trabajos de Investigaci\u00f3n - Pagina WEB de la EBA\" \/>\n<meta property=\"og:description\" content=\"L\u00c1CTEOS Al respecto, se informa que la Empresa Boliviana de Alimentos y derivados \u2013 EBA tiene establecido un CONVENIO INTERINSTITUCIONAL DE APOYO ESTRATEGICO ENTRE LA EMPRESA BOLIVIANA DE ALIMENTOS Y DERIVADOS \u2013 EBA Y LABORATORIOS IFA S.A. En el marco de este convenio la Gerencia de L\u00ednea de L\u00e1cteos viene trabajando desde esta gesti\u00f3n con [&hellip;]\" \/>\n<meta property=\"og:url\" content=\"https:\/\/eba.com.bo\/index.php\/banco-de-trabajos-de-investigacion\/\" \/>\n<meta property=\"og:site_name\" content=\"Pagina WEB de la EBA\" \/>\n<meta property=\"article:publisher\" content=\"https:\/\/www.facebook.com\/EmpresaBolivianadeAlimentos?locale=es_LA\" \/>\n<meta property=\"article:modified_time\" content=\"2025-05-21T17:34:52+00:00\" \/>\n<meta name=\"twitter:card\" content=\"summary_large_image\" \/>\n<meta name=\"twitter:site\" content=\"@ebabolivia\" \/>\n<meta name=\"twitter:label1\" content=\"Tiempo de lectura\" \/>\n\t<meta name=\"twitter:data1\" content=\"1 minuto\" \/>\n<script type=\"application\/ld+json\" class=\"yoast-schema-graph\">{\"@context\":\"https:\\\/\\\/schema.org\",\"@graph\":[{\"@type\":\"WebPage\",\"@id\":\"https:\\\/\\\/eba.com.bo\\\/index.php\\\/banco-de-trabajos-de-investigacion\\\/\",\"url\":\"https:\\\/\\\/eba.com.bo\\\/index.php\\\/banco-de-trabajos-de-investigacion\\\/\",\"name\":\"Banco de Trabajos de Investigaci\u00f3n - Pagina WEB de la EBA\",\"isPartOf\":{\"@id\":\"https:\\\/\\\/eba.com.bo\\\/#website\"},\"primaryImageOfPage\":{\"@id\":\"https:\\\/\\\/eba.com.bo\\\/index.php\\\/banco-de-trabajos-de-investigacion\\\/#primaryimage\"},\"image\":{\"@id\":\"https:\\\/\\\/eba.com.bo\\\/index.php\\\/banco-de-trabajos-de-investigacion\\\/#primaryimage\"},\"thumbnailUrl\":\"https:\\\/\\\/www.eba.com.bo\\\/wp-content\\\/uploads\\\/2022\\\/10\\\/WhatsApp-Image-2022-10-13-at-11.41.00-1.jpeg\",\"datePublished\":\"2025-05-13T17:08:27+00:00\",\"dateModified\":\"2025-05-21T17:34:52+00:00\",\"breadcrumb\":{\"@id\":\"https:\\\/\\\/eba.com.bo\\\/index.php\\\/banco-de-trabajos-de-investigacion\\\/#breadcrumb\"},\"inLanguage\":\"es\",\"potentialAction\":[{\"@type\":\"ReadAction\",\"target\":[\"https:\\\/\\\/eba.com.bo\\\/index.php\\\/banco-de-trabajos-de-investigacion\\\/\"]}]},{\"@type\":\"ImageObject\",\"inLanguage\":\"es\",\"@id\":\"https:\\\/\\\/eba.com.bo\\\/index.php\\\/banco-de-trabajos-de-investigacion\\\/#primaryimage\",\"url\":\"https:\\\/\\\/www.eba.com.bo\\\/wp-content\\\/uploads\\\/2022\\\/10\\\/WhatsApp-Image-2022-10-13-at-11.41.00-1.jpeg\",\"contentUrl\":\"https:\\\/\\\/www.eba.com.bo\\\/wp-content\\\/uploads\\\/2022\\\/10\\\/WhatsApp-Image-2022-10-13-at-11.41.00-1.jpeg\"},{\"@type\":\"BreadcrumbList\",\"@id\":\"https:\\\/\\\/eba.com.bo\\\/index.php\\\/banco-de-trabajos-de-investigacion\\\/#breadcrumb\",\"itemListElement\":[{\"@type\":\"ListItem\",\"position\":1,\"name\":\"Inicio\",\"item\":\"https:\\\/\\\/eba.com.bo\\\/\"},{\"@type\":\"ListItem\",\"position\":2,\"name\":\"Banco de Trabajos de Investigaci\u00f3n\"}]},{\"@type\":\"WebSite\",\"@id\":\"https:\\\/\\\/eba.com.bo\\\/#website\",\"url\":\"https:\\\/\\\/eba.com.bo\\\/\",\"name\":\"Pagina WEB de la EBA\",\"description\":\"Empresa de Alimentos\",\"publisher\":{\"@id\":\"https:\\\/\\\/eba.com.bo\\\/#organization\"},\"potentialAction\":[{\"@type\":\"SearchAction\",\"target\":{\"@type\":\"EntryPoint\",\"urlTemplate\":\"https:\\\/\\\/eba.com.bo\\\/?s={search_term_string}\"},\"query-input\":{\"@type\":\"PropertyValueSpecification\",\"valueRequired\":true,\"valueName\":\"search_term_string\"}}],\"inLanguage\":\"es\"},{\"@type\":\"Organization\",\"@id\":\"https:\\\/\\\/eba.com.bo\\\/#organization\",\"name\":\"Pagina WEB de la EBA\",\"url\":\"https:\\\/\\\/eba.com.bo\\\/\",\"logo\":{\"@type\":\"ImageObject\",\"inLanguage\":\"es\",\"@id\":\"https:\\\/\\\/eba.com.bo\\\/#\\\/schema\\\/logo\\\/image\\\/\",\"url\":\"https:\\\/\\\/eba.com.bo\\\/wp-content\\\/uploads\\\/2026\\\/04\\\/logotipo-eba-02.png\",\"contentUrl\":\"https:\\\/\\\/eba.com.bo\\\/wp-content\\\/uploads\\\/2026\\\/04\\\/logotipo-eba-02.png\",\"width\":1063,\"height\":511,\"caption\":\"Pagina WEB de la EBA\"},\"image\":{\"@id\":\"https:\\\/\\\/eba.com.bo\\\/#\\\/schema\\\/logo\\\/image\\\/\"},\"sameAs\":[\"https:\\\/\\\/www.facebook.com\\\/EmpresaBolivianadeAlimentos?locale=es_LA\",\"https:\\\/\\\/x.com\\\/ebabolivia\"]}]}<\/script>\n<!-- \/ Yoast SEO plugin. -->","yoast_head_json":{"title":"Banco de Trabajos de Investigaci\u00f3n - Pagina WEB de la EBA","robots":{"index":"index","follow":"follow","max-snippet":"max-snippet:-1","max-image-preview":"max-image-preview:large","max-video-preview":"max-video-preview:-1"},"canonical":"https:\/\/eba.com.bo\/index.php\/banco-de-trabajos-de-investigacion\/","og_locale":"es_MX","og_type":"article","og_title":"Banco de Trabajos de Investigaci\u00f3n - Pagina WEB de la EBA","og_description":"L\u00c1CTEOS Al respecto, se informa que la Empresa Boliviana de Alimentos y derivados \u2013 EBA tiene establecido un CONVENIO INTERINSTITUCIONAL DE APOYO ESTRATEGICO ENTRE LA EMPRESA BOLIVIANA DE ALIMENTOS Y DERIVADOS \u2013 EBA Y LABORATORIOS IFA S.A. En el marco de este convenio la Gerencia de L\u00ednea de L\u00e1cteos viene trabajando desde esta gesti\u00f3n con [&hellip;]","og_url":"https:\/\/eba.com.bo\/index.php\/banco-de-trabajos-de-investigacion\/","og_site_name":"Pagina WEB de la EBA","article_publisher":"https:\/\/www.facebook.com\/EmpresaBolivianadeAlimentos?locale=es_LA","article_modified_time":"2025-05-21T17:34:52+00:00","twitter_card":"summary_large_image","twitter_site":"@ebabolivia","twitter_misc":{"Tiempo de lectura":"1 minuto"},"schema":{"@context":"https:\/\/schema.org","@graph":[{"@type":"WebPage","@id":"https:\/\/eba.com.bo\/index.php\/banco-de-trabajos-de-investigacion\/","url":"https:\/\/eba.com.bo\/index.php\/banco-de-trabajos-de-investigacion\/","name":"Banco de Trabajos de Investigaci\u00f3n - Pagina WEB de la EBA","isPartOf":{"@id":"https:\/\/eba.com.bo\/#website"},"primaryImageOfPage":{"@id":"https:\/\/eba.com.bo\/index.php\/banco-de-trabajos-de-investigacion\/#primaryimage"},"image":{"@id":"https:\/\/eba.com.bo\/index.php\/banco-de-trabajos-de-investigacion\/#primaryimage"},"thumbnailUrl":"https:\/\/www.eba.com.bo\/wp-content\/uploads\/2022\/10\/WhatsApp-Image-2022-10-13-at-11.41.00-1.jpeg","datePublished":"2025-05-13T17:08:27+00:00","dateModified":"2025-05-21T17:34:52+00:00","breadcrumb":{"@id":"https:\/\/eba.com.bo\/index.php\/banco-de-trabajos-de-investigacion\/#breadcrumb"},"inLanguage":"es","potentialAction":[{"@type":"ReadAction","target":["https:\/\/eba.com.bo\/index.php\/banco-de-trabajos-de-investigacion\/"]}]},{"@type":"ImageObject","inLanguage":"es","@id":"https:\/\/eba.com.bo\/index.php\/banco-de-trabajos-de-investigacion\/#primaryimage","url":"https:\/\/www.eba.com.bo\/wp-content\/uploads\/2022\/10\/WhatsApp-Image-2022-10-13-at-11.41.00-1.jpeg","contentUrl":"https:\/\/www.eba.com.bo\/wp-content\/uploads\/2022\/10\/WhatsApp-Image-2022-10-13-at-11.41.00-1.jpeg"},{"@type":"BreadcrumbList","@id":"https:\/\/eba.com.bo\/index.php\/banco-de-trabajos-de-investigacion\/#breadcrumb","itemListElement":[{"@type":"ListItem","position":1,"name":"Inicio","item":"https:\/\/eba.com.bo\/"},{"@type":"ListItem","position":2,"name":"Banco de Trabajos de Investigaci\u00f3n"}]},{"@type":"WebSite","@id":"https:\/\/eba.com.bo\/#website","url":"https:\/\/eba.com.bo\/","name":"Pagina WEB de la EBA","description":"Empresa de Alimentos","publisher":{"@id":"https:\/\/eba.com.bo\/#organization"},"potentialAction":[{"@type":"SearchAction","target":{"@type":"EntryPoint","urlTemplate":"https:\/\/eba.com.bo\/?s={search_term_string}"},"query-input":{"@type":"PropertyValueSpecification","valueRequired":true,"valueName":"search_term_string"}}],"inLanguage":"es"},{"@type":"Organization","@id":"https:\/\/eba.com.bo\/#organization","name":"Pagina WEB de la EBA","url":"https:\/\/eba.com.bo\/","logo":{"@type":"ImageObject","inLanguage":"es","@id":"https:\/\/eba.com.bo\/#\/schema\/logo\/image\/","url":"https:\/\/eba.com.bo\/wp-content\/uploads\/2026\/04\/logotipo-eba-02.png","contentUrl":"https:\/\/eba.com.bo\/wp-content\/uploads\/2026\/04\/logotipo-eba-02.png","width":1063,"height":511,"caption":"Pagina WEB de la EBA"},"image":{"@id":"https:\/\/eba.com.bo\/#\/schema\/logo\/image\/"},"sameAs":["https:\/\/www.facebook.com\/EmpresaBolivianadeAlimentos?locale=es_LA","https:\/\/x.com\/ebabolivia"]}]}},"_links":{"self":[{"href":"https:\/\/eba.com.bo\/index.php\/wp-json\/wp\/v2\/pages\/908","targetHints":{"allow":["GET"]}}],"collection":[{"href":"https:\/\/eba.com.bo\/index.php\/wp-json\/wp\/v2\/pages"}],"about":[{"href":"https:\/\/eba.com.bo\/index.php\/wp-json\/wp\/v2\/types\/page"}],"author":[{"embeddable":true,"href":"https:\/\/eba.com.bo\/index.php\/wp-json\/wp\/v2\/users\/1"}],"replies":[{"embeddable":true,"href":"https:\/\/eba.com.bo\/index.php\/wp-json\/wp\/v2\/comments?post=908"}],"version-history":[{"count":2,"href":"https:\/\/eba.com.bo\/index.php\/wp-json\/wp\/v2\/pages\/908\/revisions"}],"predecessor-version":[{"id":1103,"href":"https:\/\/eba.com.bo\/index.php\/wp-json\/wp\/v2\/pages\/908\/revisions\/1103"}],"wp:attachment":[{"href":"https:\/\/eba.com.bo\/index.php\/wp-json\/wp\/v2\/media?parent=908"}],"curies":[{"name":"wp","href":"https:\/\/api.w.org\/{rel}","templated":true}]}}