{"id":900,"date":"2025-05-13T13:06:10","date_gmt":"2025-05-13T17:06:10","guid":{"rendered":"http:\/\/172.16.1.168\/wordpress\/?page_id=900"},"modified":"2026-04-10T15:54:01","modified_gmt":"2026-04-10T19:54:01","slug":"medios-disponibles","status":"publish","type":"page","link":"https:\/\/eba.com.bo\/index.php\/medios-disponibles\/","title":{"rendered":"Medios Disponibles"},"content":{"rendered":"\n<h4 class=\"wp-block-heading has-text-align-center\">MEDIOS DISPONIBLES PARA EL ACCESO A LA INFORMACI\u00d3N<\/h4>\n\n\n\n<p class=\"wp-block-paragraph\">El mundo de la comunicaci\u00f3n gubernamental digital pas\u00f3 de un modelo unidireccional a un modelo multidireccional, en el cual la interacci\u00f3n se realiza con enfoques colaborativos, participativos e interactivos, en base a control social, validadas por normativas vigentes.&nbsp;<\/p>\n\n\n\n<p class=\"wp-block-paragraph\">Es necesario que el Gobierno fortalezca su presencia y participaci\u00f3n en las redes digitales y en este proceso ministros, viceministros, directores y otras autoridades, son piezas fundamentales para facilitar esa interacci\u00f3n entre la ciudadan\u00eda y las instituciones.<\/p>\n\n\n\n<p class=\"wp-block-paragraph\">Los recursos comunicacionales que cuenta y se utiliza en la Empresa Boliviana de Alimentos y Derivados EBA:<\/p>\n\n\n\n<ul class=\"wp-block-list\">\n<li class=\"has-black-color has-text-color has-link-color wp-elements-aa88c81d26d695aed87a2cd4880ee97e\"><strong>P\u00e1gina Web:&nbsp;<\/strong><a href=\"http:\/\/www.eba.com.bo\/\">www.eba.com<\/a>.<a href=\"http:\/\/www.eba.com.bo\/\">bo<\/a><\/li>\n\n\n\n<li class=\"has-black-color has-text-color has-link-color wp-elements-2d4c672fa5c63742f815c552e8f7520d\"><strong>Facebock:<\/strong>&nbsp;@EmpresaBolivianadeAlimentos<\/li>\n\n\n\n<li><strong>Twiter:<\/strong>&nbsp;@ebaBolivia<\/li>\n\n\n\n<li><strong>Instagram:<\/strong>&nbsp;Boliviaeba<\/li>\n\n\n\n<li><strong>You Tube:<\/strong>&nbsp; EBA Bolivia<\/li>\n\n\n\n<li><strong>Cat\u00e1logo de productos<\/strong><\/li>\n\n\n\n<li><strong>Publicaciones en prensa escrita<\/strong>&nbsp;de acuerdo actividades relevantes.<\/li>\n\n\n\n<li><strong>Entrevistas Televisi\u00f3n y radio<\/strong><\/li>\n<\/ul>\n\n\n\n<p class=\"wp-block-paragraph\">Elaborado y gestionado por la Unidad de comunicaci\u00f3n de EBA en coordinaci\u00f3n las gerencias de la empresa EBA. Para que el usuario pueda acceder a informaci\u00f3n actualizada, ver\u00e1s, clara y transparente.<\/p>\n","protected":false},"excerpt":{"rendered":"<p>MEDIOS DISPONIBLES PARA EL ACCESO A LA INFORMACI\u00d3N El mundo de la comunicaci\u00f3n gubernamental digital pas\u00f3 de un modelo unidireccional a un modelo multidireccional, en el cual la interacci\u00f3n se realiza con enfoques colaborativos, participativos e interactivos, en base a control social, validadas por normativas vigentes.&nbsp; Es necesario que el Gobierno fortalezca su presencia y [&hellip;]<\/p>\n","protected":false},"author":1,"featured_media":0,"parent":0,"menu_order":0,"comment_status":"closed","ping_status":"closed","template":"","meta":{"_crdt_document":"{\"document\":\"AAAH5uXZ8wLLAbYBCCYkAwAiFAKMGYAHrAsCkgoCmAMCvAICuAICpAYCvg0EAgECCgJCAQ1KAJQCAQIKAkJKALgIAQIKAkJKAKIIAQIKAkJKAKYFAQIKAkJKAKgDAQIKAEoQAgECCgJCAEoAiAQBAgoCQgBKAIwCAQIKAkwAogEBAgoCTACmAQECCgJMAKgBAQIKAkwAnAEBAgoCTACAAwECCgJM8g+gEQECCgJCSuwa9mgDADi4K5QKmgO+AroCpgYRlAEDADi4K5QKmgO+AroCpgbhASgDJwAEACcABACEAoEAhAGBAIQAgQCEAIEAhACBAIQAgQCEAIEAhACBAIQAJwAoBCcAKAAnAAcAKAMnAQQAKA8nAIcAKAMnAQQAKAAnAIcAKAMnAQQAKAAnAIcAKAMnAQQAKAAnAIcAKAMnAQQAKAAnAIcAKAMnACgBJwAHACgDJwEEACgBJwCHACgDJwEEACgBJwCHACgDJwEEACcAhwAoAycBBAAnAIcAKAMnAQQAJwCHACgDJwEEACcAhwAoAycBBAAnAIcAKAMnAQQAJwCHACgDJwEEACgAJwAoAagAxPgsoitzdGF0ZXZlcnNpb25kb2N1bWVudGRhdGVkb2N1bWVudHNsdWdkb2N1bWVudHN0YXR1c2RvY3VtZW50dGl0bGVNZWRpb3MgRGlzcG9uaWJsZXNkb2N1bWVudGNvbnRlbnQ8IS0tIHdwOmhlYWRpbmcgeyJ0ZXh0QWxpZ24iOiJjZW50ZXIifSAtLT4KPGg0IGNsYXNzPSJ3cC1ibG9jay1oZWFkaW5nIGhhcy10ZXh0LWFsaWduLWNlbnRlciI+TUVESU9TIERJU1BPTklCTEVTIFBBUkEgRUwgQUNDRVNPIEEgTEEgSU5GT1JNQUNJw5NOPC9oND4KPCEtLSAvd3A6aGVhZGluZyAtLT4KCjwhLS0gd3A6cGFyYWdyYXBoIC0tPgo8cD5FbCBtdW5kbyBkZSBsYSBjb211bmljYWNpw7NuIGd1YmVybmFtZW50YWwgZGlnaXRhbCBwYXPDsyBkZSB1biBtb2RlbG8gdW5pZGlyZWNjaW9uYWwgYSB1biBtb2RlbG8gbXVsdGlkaXJlY2Npb25hbCwgZW4gZWwgY3VhbCBsYSBpbnRlcmFjY2nDs24gc2UgcmVhbGl6YSBjb24gZW5mb3F1ZXMgY29sYWJvcmF0aXZvcywgcGFydGljaXBhdGl2b3MgZSBpbnRlcmFjdGl2b3MsIGVuIGJhc2UgYSBjb250cm9sIHNvY2lhbCwgdmFsaWRhZGFzIHBvciBub3JtYXRpdmFzIHZpZ2VudGVzLiZuYnNwOzwvcD4KPCEtLSAvd3A6cGFyYWdyYXBoIC0tPgoKPCEtLSB3cDpwYXJhZ3JhcGggLS0+CjxwPkVzIG5lY2VzYXJpbyBxdWUgZWwgR29iaWVybm8gZm9ydGFsZXpjYSBzdSBwcmVzZW5jaWEgeSBwYXJ0aWNpcGFjacOzbiBlbiBsYXMgcmVkZXMgZGlnaXRhbGVzIHkgZW4gZXN0ZSBwcm9jZXNvIG1pbmlzdHJvcywgdmljZW1pbmlzdHJvcywgZGlyZWN0b3JlcyB5IG90cmFzIGF1dG9yaWRhZGVzLCBzb24gcGllemFzIGZ1bmRhbWVudGFsZXMgcGFyYSBmYWNpbGl0YXIgZXNhIGludGVyYWNjacOzbiBlbnRyZSBsYSBjaXVkYWRhbsOtYSB5IGxhcyBpbnN0aXR1Y2lvbmVzLjwvcD4KPCEtLSAvd3A6cGFyYWdyYXBoIC0tPgoKPCEtLSB3cDpwYXJhZ3JhcGggLS0+CjxwPkxvcyByZWN1cnNvcyBjb211bmljYWNpb25hbGVzIHF1ZSBjdWVudGEgeSBzZSB1dGlsaXphIGVuIGxhIEVtcHJlc2EgQm9saXZpYW5hIGRlIEFsaW1lbnRvcyB5IERlcml2YWRvcyBFQkE6PC9wPgo8IS0tIC93cDpwYXJhZ3JhcGggLS0+Cgo8IS0tIHdwOmxpc3QgLS0+Cjx1bCBjbGFzcz0id3AtYmxvY2stbGlzdCI+PCEtLSB3cDpsaXN0LWl0ZW0geyJzdHlsZSI6eyJlbGVtZW50cyI6eyJsaW5rIjp7ImNvbG9yIjp7InRleHQiOiJ2YXI6cHJlc2V0fGNvbG9yfGJsYWNrIn19fX0sInRleHRDb2xvciI6ImJsYWNrIn0gLS0+CjxsaSBjbGFzcz0iaGFzLWJsYWNrLWNvbG9yIGhhcy10ZXh0LWNvbG9yIGhhcy1saW5rLWNvbG9yIj48c3Ryb25nPlDDoWdpbmEgV2ViOjwvc3Ryb25nPjxhIGhyZWY9Imh0dHA6Ly93d3cuZWJhLmNvbS5iby8iPnd3dy5lYmEuY29tPC9hPi48YSBocmVmPSJodHRwOi8vd3d3LmViYS5jb20uYm8vIj5ibzwvYT48L2xpPgo8IS0tIC93cDpsaXN0LWl0ZW0gLS0+Cgo8IS0tIHdwOmxpc3QtaXRlbSB7InN0eWxlIjp7ImVsZW1lbnRzIjp7ImxpbmsiOnsiY29sb3IiOnsidGV4dCI6InZhcjpwcmVzZXR8Y29sb3J8YmxhY2sifX19fSwidGV4dENvbG9yIjoiYmxhY2sifSAtLT4KPGxpIGNsYXNzPSJoYXMtYmxhY2stY29sb3IgaGFzLXRleHQtY29sb3IgaGFzLWxpbmstY29sb3IiPjxzdHJvbmc+RmFjZWJvY2s6PC9zdHJvbmc+QEVtcHJlc2FCb2xpdmlhbmFkZUFsaW1lbnRvczwvbGk+CjwhLS0gL3dwOmxpc3QtaXRlbSAtLT4KCjwhLS0gd3A6bGlzdC1pdGVtIC0tPgo8bGk+PHN0cm9uZz5Ud2l0ZXI6PC9zdHJvbmc+QGViYUJvbGl2aWE8L2xpPgo8IS0tIC93cDpsaXN0LWl0ZW0gLS0+Cgo8IS0tIHdwOmxpc3QtaXRlbSAtLT4KPGxpPjxzdHJvbmc+SW5zdGFncmFtOjwvc3Ryb25nPkJvbGl2aWFlYmE8L2xpPgo8IS0tIC93cDpsaXN0LWl0ZW0gLS0+Cgo8IS0tIHdwOmxpc3QtaXRlbSAtLT4KPGxpPjxzdHJvbmc+WW91IFR1YmU6PC9zdHJvbmc+IEVCQSBCb2xpdmlhPC9saT4KPCEtLSAvd3A6bGlzdC1pdGVtIC0tPgoKPCEtLSB3cDpsaXN0LWl0ZW0gLS0+CjxsaT48c3Ryb25nPkNhdMOhbG9nbyBkZSBwcm9kdWN0b3M8L3N0cm9uZz48L2xpPgo8IS0tIC93cDpsaXN0LWl0ZW0gLS0+Cgo8IS0tIHdwOmxpc3QtaXRlbSAtLT4KPGxpPjxzdHJvbmc+UHVibGljYWNpb25lcyBlbiBwcmVuc2EgZXNjcml0YTwvc3Ryb25nPmRlIGFjdWVyZG8gYWN0aXZpZGFkZXMgcmVsZXZhbnRlcy48L2xpPgo8IS0tIC93cDpsaXN0LWl0ZW0gLS0+Cgo8IS0tIHdwOmxpc3QtaXRlbSAtLT4KPGxpPjxzdHJvbmc+RW50cmV2aXN0YXMgVGVsZXZpc2nDs24geSByYWRpbzwvc3Ryb25nPjwvbGk+CjwhLS0gL3dwOmxpc3QtaXRlbSAtLT48L3VsPgo8IS0tIC93cDpsaXN0IC0tPgoKPCEtLSB3cDpwYXJhZ3JhcGggLS0+CjxwPkVsYWJvcmFkbyB5IGdlc3Rpb25hZG8gcG9yIGxhIFVuaWRhZCBkZSBjb211bmljYWNpw7NuIGRlIEVCQSBlbiBjb29yZGluYWNpw7NuIGxhcyBnZXJlbmNpYXMgZGUgbGEgZW1wcmVzYSBFQkEuIFBhcmEgcXVlIGVsIHVzdWFyaW8gcHVlZGEgYWNjZWRlciBhIGluZm9ybWFjacOzbiBhY3R1YWxpemFkYSwgdmVyw6FzLCBjbGFyYSB5IHRyYW5zcGFyZW50ZS48L3A+CjwhLS0gL3dwOnBhcmFncmFwaCAtLT5kb2N1bWVudGV4Y2VycHRkb2N1bWVudGF1dGhvcmRvY3VtZW50ZmVhdHVyZWRfbWVkaWFkb2N1bWVudGNvbW1lbnRfc3RhdHVzZG9jdW1lbnRwaW5nX3N0YXR1c2RvY3VtZW50dGVtcGxhdGVkb2N1bWVudG1ldGFmb290bm90ZXNkb2N1bWVudGJsb2Nrc2NsaWVudElkaXNWYWxpZG9yaWdpbmFsQ29udGVudG5hbWVhdHRyaWJ1dGVzY29udGVudE1FRElPUyBESVNQT05JQkxFUyBQQVJBIEVMIEFDQ0VTTyBBIExBIElORk9STUFDScOTTmxldmVsbGV2ZWxPcHRpb25zcGxhY2Vob2xkZXJib3JkZXJDb2xvcmJhY2tncm91bmRDb2xvcnRleHRDb2xvcmdyYWRpZW50YWxpZ25sb2NrYW5jaG9yY2xhc3NOYW1lZm9udEZhbWlseWZvbnRTaXplZml0VGV4dHN0eWxlbWV0YWRhdGFpbm5lckJsb2Nrc2NsaWVudElkaXNWYWxpZG9yaWdpbmFsQ29udGVudG5hbWVhdHRyaWJ1dGVzY29udGVudEVsIG11bmRvIGRlIGxhIGNvbXVuaWNhY2nDs24gZ3ViZXJuYW1lbnRhbCBkaWdpdGFsIHBhc8OzIGRlIHVuIG1vZGVsbyB1bmlkaXJlY2Npb25hbCBhIHVuIG1vZGVsbyBtdWx0aWRpcmVjY2lvbmFsLCBlbiBlbCBjdWFsIGxhIGludGVyYWNjacOzbiBzZSByZWFsaXphIGNvbiBlbmZvcXVlcyBjb2xhYm9yYXRpdm9zLCBwYXJ0aWNpcGF0aXZvcyBlIGludGVyYWN0aXZvcywgZW4gYmFzZSBhIGNvbnRyb2wgc29jaWFsLCB2YWxpZGFkYXMgcG9yIG5vcm1hdGl2YXMgdmlnZW50ZXMuJm5ic3A7ZHJvcENhcGlubmVyQmxvY2tzY2xpZW50SWRpc1ZhbGlkb3JpZ2luYWxDb250ZW50bmFtZWF0dHJpYnV0ZXNjb250ZW50RXMgbmVjZXNhcmlvIHF1ZSBlbCBHb2JpZXJubyBmb3J0YWxlemNhIHN1IHByZXNlbmNpYSB5IHBhcnRpY2lwYWNpw7NuIGVuIGxhcyByZWRlcyBkaWdpdGFsZXMgeSBlbiBlc3RlIHByb2Nlc28gbWluaXN0cm9zLCB2aWNlbWluaXN0cm9zLCBkaXJlY3RvcmVzIHkgb3RyYXMgYXV0b3JpZGFkZXMsIHNvbiBwaWV6YXMgZnVuZGFtZW50YWxlcyBwYXJhIGZhY2lsaXRhciBlc2EgaW50ZXJhY2Npw7NuIGVudHJlIGxhIGNpdWRhZGFuw61hIHkgbGFzIGluc3RpdHVjaW9uZXMuZHJvcENhcGlubmVyQmxvY2tzY2xpZW50SWRpc1ZhbGlkb3JpZ2luYWxDb250ZW50bmFtZWF0dHJpYnV0ZXNjb250ZW50UGFyYSBlbGxvIG5vcyBlbm1hcmNhbW9zIGVuIGVsIFBsYW4gZGUgYWNjacOzbiZuYnNwOzxzdHJvbmc+4oCcVmFtb3MgYSBzYWxpciBhZGVsYW50ZeKAnTwvc3Ryb25nPiZuYnNwO3Byb3B1ZXN0byBjb21vIGJhc2UgZXN0cnVjdHVyYWwgcXVlIGRhIGZvcm1hIGEgbGEgZ2VzdGnDs24gZ3ViZXJuYW1lbnRhbC5kcm9wQ2FwaW5uZXJCbG9ja3NjbGllbnRJZGlzVmFsaWRvcmlnaW5hbENvbnRlbnRuYW1lYXR0cmlidXRlc2NvbnRlbnRMb3MgcmVjdXJzb3MgY29tdW5pY2FjaW9uYWxlcyBxdWUgY3VlbnRhIHkgc2UgdXRpbGl6YSBlbiBsYSBFbXByZXNhIEJvbGl2aWFuYSBkZSBBbGltZW50b3MgeSBEZXJpdmFkb3MgRUJBOmRyb3BDYXBpbm5lckJsb2Nrc2NsaWVudElkaXNWYWxpZG9yaWdpbmFsQ29udGVudG5hbWVhdHRyaWJ1dGVzb3JkZXJlZHZhbHVlc2lubmVyQmxvY2tzY2xpZW50SWRpc1ZhbGlkb3JpZ2luYWxDb250ZW50bmFtZWF0dHJpYnV0ZXNjb250ZW50PHN0cm9uZz5Qw6FnaW5hIFdlYjombmJzcDs8L3N0cm9uZz48YSBocmVmPSJodHRwOi8vd3d3LmViYS5jb20uYm8vIj53d3cuZWJhLmNvbTwvYT4uPGEgaHJlZj0iaHR0cDovL3d3dy5lYmEuY29tLmJvLyI+Ym88L2E+c3R5bGV0ZXh0Q29sb3Jpbm5lckJsb2Nrc2NsaWVudElkaXNWYWxpZG9yaWdpbmFsQ29udGVudG5hbWVhdHRyaWJ1dGVzY29udGVudDxzdHJvbmc+RmFjZWJvY2s6PC9zdHJvbmc+Jm5ic3A7QEVtcHJlc2FCb2xpdmlhbmFkZUFsaW1lbnRvc3N0eWxldGV4dENvbG9yaW5uZXJCbG9ja3NjbGllbnRJZGlzVmFsaWRvcmlnaW5hbENvbnRlbnRuYW1lYXR0cmlidXRlc2NvbnRlbnQ8c3Ryb25nPlR3aXRlcjo8L3N0cm9uZz4mbmJzcDtAZWJhQm9saXZpYWlubmVyQmxvY2tzY2xpZW50SWRpc1ZhbGlkb3JpZ2luYWxDb250ZW50bmFtZWF0dHJpYnV0ZXNjb250ZW50PHN0cm9uZz5JbnN0YWdyYW06PC9zdHJvbmc+Jm5ic3A7Qm9saXZpYWViYWlubmVyQmxvY2tzY2xpZW50SWRpc1ZhbGlkb3JpZ2luYWxDb250ZW50bmFtZWF0dHJpYnV0ZXNjb250ZW50PHN0cm9uZz5Zb3UgVHViZTo8L3N0cm9uZz4mbmJzcDsgRUJBIEJvbGl2aWFpbm5lckJsb2Nrc2NsaWVudElkaXNWYWxpZG9yaWdpbmFsQ29udGVudG5hbWVhdHRyaWJ1dGVzY29udGVudDxzdHJvbmc+Q2F0w6Fsb2dvIGRlIHByb2R1Y3Rvczwvc3Ryb25nPmlubmVyQmxvY2tzY2xpZW50SWRpc1ZhbGlkb3JpZ2luYWxDb250ZW50bmFtZWF0dHJpYnV0ZXNjb250ZW50PHN0cm9uZz5QdWJsaWNhY2lvbmVzIGVuIHByZW5zYSBlc2NyaXRhPC9zdHJvbmc+Jm5ic3A7ZGUgYWN1ZXJkbyBhY3RpdmlkYWRlcyByZWxldmFudGVzLmlubmVyQmxvY2tzY2xpZW50SWRpc1ZhbGlkb3JpZ2luYWxDb250ZW50bmFtZWF0dHJpYnV0ZXNjb250ZW50PHN0cm9uZz5FbnRyZXZpc3RhcyBUZWxldmlzacOzbiB5IHJhZGlvPC9zdHJvbmc+aW5uZXJCbG9ja3NjbGllbnRJZGlzVmFsaWRvcmlnaW5hbENvbnRlbnRuYW1lYXR0cmlidXRlc2NvbnRlbnRFbGFib3JhZG8geSBnZXN0aW9uYWRvIHBvciBsYSBVbmlkYWQgZGUgY29tdW5pY2FjacOzbiBkZSBFQkEgZW4gY29vcmRpbmFjacOzbiBsYXMgZ2VyZW5jaWFzIGRlIGxhIGVtcHJlc2EgRUJBLiBQYXJhIHF1ZSBlbCB1c3VhcmlvIHB1ZWRhIGFjY2VkZXIgYSBpbmZvcm1hY2nDs24gYWN0dWFsaXphZGEsIHZlcsOhcywgY2xhcmEgeSB0cmFuc3BhcmVudGUuZHJvcENhcGlubmVyQmxvY2tzc3RhdGVzYXZlZEF0c3RhdGVzYXZlZEJ5bGV2ZWwiOjQsInN5bCI6eyJ0eXBvZ3JhcGh5Ijp7InRlfX0mbmJzcDsmbmJzcDsmbmJzcDsmbmJzcDsmbmJzcDsmbmJzcDsFBwgECAQIBggFEggHEkEAEQGmDLYFiQWsAZ4BnAGSA7gGCAcIBggOCA4IC0gBBAkIBggHDwQKBzIFDEsADwkIBQQGCQoIBwUICwgHDwQKB5MEBwsIBw8ECgeIBAcLCAcPBAoHqgIHCwgHDwQKB6sBBwsIBw8ECgcGCwgHDwQKB7oBBQkLCAcPBAoHPAUJCwgHDwQKBykLCAcPBAoHKwsIBw8ECgcsCwgHDwQKByYLCAcPBAoHmAELCAcPBAoHLwsIBw8ECgeGAwcLBQcFBwsCFAJGBBIBBAAAAQAAAAEGAAABAACSAQE\/QgEBAEEAAgBBAAIAQQACAEEAAgBBAAIAQQAAQQACAEEAAgBBAAIAQQACAEEAAgBBAAIAQQACAEEAAgBBAAIAB0ECCqADQWQB0gEAfQF3EzIwMjUtMDUtMTNUMTM6MDY6MTB3Em1lZGlvcy1kaXNwb25pYmxlc3cHcHVibGlzaH0BfQB3BmNsb3NlZHcGY2xvc2VkdwB3AHckODdjNWM3YTAtMTM1ZS00MmQ2LThhZWYtNTE3YmFiZTlkYjI0eHdrPGg0IGNsYXNzPSJ3cC1ibG9jay1oZWFkaW5nIGhhcy10ZXh0LWFsaWduLWNlbnRlciI+TUVESU9TIERJU1BPTklCTEVTIFBBUkEgRUwgQUNDRVNPIEEgTEEgSU5GT1JNQUNJw5NOPC9oND53DGNvcmUvaGVhZGluZ30Ef39\/f39\/f39\/f39\/f3YBCnR5cG9ncmFwaHl2AQl0ZXh0QWxpZ253BmNlbnRlcn93JGVmN2E5MzlhLTNjZjMtNGNkYy1iMTIxLThhZWQxMjZiODcyZXh3nQI8cD5FbCBtdW5kbyBkZSBsYSBjb211bmljYWNpw7NuIGd1YmVybmFtZW50YWwgZGlnaXRhbCBwYXPDsyBkZSB1biBtb2RlbG8gdW5pZGlyZWNjaW9uYWwgYSB1biBtb2RlbG8gbXVsdGlkaXJlY2Npb25hbCwgZW4gZWwgY3VhbCBsYSBpbnRlcmFjY2nDs24gc2UgcmVhbGl6YSBjb24gZW5mb3F1ZXMgY29sYWJvcmF0aXZvcywgcGFydGljaXBhdGl2b3MgZSBpbnRlcmFjdGl2b3MsIGVuIGJhc2UgYSBjb250cm9sIHNvY2lhbCwgdmFsaWRhZGFzIHBvciBub3JtYXRpdmFzIHZpZ2VudGVzLiZuYnNwOzwvcD53DmNvcmUvcGFyYWdyYXBoeXckMjhkZGZmOTYtMzg4OS00OTdkLWFhOTctMmMzZmQwYTNkYzA4eHeSAjxwPkVzIG5lY2VzYXJpbyBxdWUgZWwgR29iaWVybm8gZm9ydGFsZXpjYSBzdSBwcmVzZW5jaWEgeSBwYXJ0aWNpcGFjacOzbiBlbiBsYXMgcmVkZXMgZGlnaXRhbGVzIHkgZW4gZXN0ZSBwcm9jZXNvIG1pbmlzdHJvcywgdmljZW1pbmlzdHJvcywgZGlyZWN0b3JlcyB5IG90cmFzIGF1dG9yaWRhZGVzLCBzb24gcGllemFzIGZ1bmRhbWVudGFsZXMgcGFyYSBmYWNpbGl0YXIgZXNhIGludGVyYWNjacOzbiBlbnRyZSBsYSBjaXVkYWRhbsOtYSB5IGxhcyBpbnN0aXR1Y2lvbmVzLjwvcD53DmNvcmUvcGFyYWdyYXBoeXckMzU4NWY1ZWItNjRiMS00NDM2LTkxZDctMjQ0NzdkYTY2M2Q1eHe3ATxwPlBhcmEgZWxsbyBub3MgZW5tYXJjYW1vcyBlbiBlbCBQbGFuIGRlIGFjY2nDs24mbmJzcDs8c3Ryb25nPuKAnFZhbW9zIGEgc2FsaXIgYWRlbGFudGXigJ08L3N0cm9uZz4mbmJzcDtwcm9wdWVzdG8gY29tbyBiYXNlIGVzdHJ1Y3R1cmFsIHF1ZSBkYSBmb3JtYSBhIGxhIGdlc3Rpw7NuIGd1YmVybmFtZW50YWwuPC9wPncOY29yZS9wYXJhZ3JhcGh5dyQ1NWNiMGJjMS03ODNhLTQwMGEtOWJlYS1hY2E2MTA5NzgwNjl4d3I8cD5Mb3MgcmVjdXJzb3MgY29tdW5pY2FjaW9uYWxlcyBxdWUgY3VlbnRhIHkgc2UgdXRpbGl6YSBlbiBsYSBFbXByZXNhIEJvbGl2aWFuYSBkZSBBbGltZW50b3MgeSBEZXJpdmFkb3MgRUJBOjwvcD53DmNvcmUvcGFyYWdyYXBoeXckZGI3MmE5ODItZmM1Yy00NDBlLThiY2ItNDgxNDk4ZWZkMzRmeHctPHVsIGNsYXNzPSJ3cC1ibG9jay1saXN0Ij4KCgoKCgoKCgoKCgoKCjwvdWw+dwljb3JlL2xpc3R5dwB3JDY5MGNhYjQ2LTRlY2QtNDFhNC05OGIyLTk4ODk3NTZiN2I3ZHh3tgE8bGkgY2xhc3M9Imhhcy1ibGFjay1jb2xvciBoYXMtdGV4dC1jb2xvciBoYXMtbGluay1jb2xvciI+PHN0cm9uZz5Qw6FnaW5hIFdlYjrCoDwvc3Ryb25nPjxhIGhyZWY9Imh0dHA6Ly93d3cuZWJhLmNvbS5iby8iPnd3dy5lYmEuY29tPC9hPi48YSBocmVmPSJodHRwOi8vd3d3LmViYS5jb20uYm8vIj5ibzwvYT48L2xpPncOY29yZS9saXN0LWl0ZW12AQhlbGVtZW50c3YBBGxpbmt2AQVjb2xvcnYBBHRleHR3FnZhcjpwcmVzZXR8Y29sb3J8YmxhY2t3BWJsYWNrdyRiMjEwODNhMi1lMmJiLTQ4NmMtODkwMC05YTI0YmJjNmZlYTl4d3c8bGkgY2xhc3M9Imhhcy1ibGFjay1jb2xvciBoYXMtdGV4dC1jb2xvciBoYXMtbGluay1jb2xvciI+PHN0cm9uZz5GYWNlYm9jazo8L3N0cm9uZz7CoEBFbXByZXNhQm9saXZpYW5hZGVBbGltZW50b3M8L2xpPncOY29yZS9saXN0LWl0ZW12AQhlbGVtZW50c3YBBGxpbmt2AQVjb2xvcnYBBHRleHR3FnZhcjpwcmVzZXR8Y29sb3J8YmxhY2t3BWJsYWNrdyRmYmFmYTVmMy1lN2U5LTQ1NTEtOTdjOS00MDNkMjdmNGUwMzd4dy48bGk+PHN0cm9uZz5Ud2l0ZXI6PC9zdHJvbmc+wqBAZWJhQm9saXZpYTwvbGk+dw5jb3JlL2xpc3QtaXRlbXckNGVjYTY3ZjMtODNjMi00NzQwLWJkNzctNjdlY2IxYTAwYjJkeHcwPGxpPjxzdHJvbmc+SW5zdGFncmFtOjwvc3Ryb25nPsKgQm9saXZpYWViYTwvbGk+dw5jb3JlL2xpc3QtaXRlbXckNjU2ODcyYjktYTI5ZC00NzIyLWE2NzQtN2U0MDc4MjRiYmI3eHcxPGxpPjxzdHJvbmc+WW91IFR1YmU6PC9zdHJvbmc+wqAgRUJBIEJvbGl2aWE8L2xpPncOY29yZS9saXN0LWl0ZW13JDc3MTI1ZDA2LTNiNmItNDQ3OS05MGQwLTA2MDM5MGQzMjE2NHh3MDxsaT48c3Ryb25nPkNhdMOhbG9nbyBkZSBwcm9kdWN0b3M8L3N0cm9uZz48L2xpPncOY29yZS9saXN0LWl0ZW13JDEzZTJmY2VlLWU3MDctNDI0ZS1hN2FjLWFlZTYwZDAzNzFkM3h3XTxsaT48c3Ryb25nPlB1YmxpY2FjaW9uZXMgZW4gcHJlbnNhIGVzY3JpdGE8L3N0cm9uZz7CoGRlIGFjdWVyZG8gYWN0aXZpZGFkZXMgcmVsZXZhbnRlcy48L2xpPncOY29yZS9saXN0LWl0ZW13JDliMDExMjdhLWMzNzYtNGY3NS05MzlhLTY0YmY3ZTUzYTlkYnh3OTxsaT48c3Ryb25nPkVudHJldmlzdGFzIFRlbGV2aXNpw7NuIHkgcmFkaW88L3N0cm9uZz48L2xpPncOY29yZS9saXN0LWl0ZW13JDVjYmM0ZTk5LTllMmQtNDQ4Yi05YjBiLWE2N2I1ODhmMzY3Ynh30QE8cD5FbGFib3JhZG8geSBnZXN0aW9uYWRvIHBvciBsYSBVbmlkYWQgZGUgY29tdW5pY2FjacOzbiBkZSBFQkEgZW4gY29vcmRpbmFjacOzbiBsYXMgZ2VyZW5jaWFzIGRlIGxhIGVtcHJlc2EgRUJBLiBQYXJhIHF1ZSBlbCB1c3VhcmlvIHB1ZWRhIGFjY2VkZXIgYSBpbmZvcm1hY2nDs24gYWN0dWFsaXphZGEsIHZlcsOhcywgY2xhcmEgeSB0cmFuc3BhcmVudGUuPC9wPncOY29yZS9wYXJhZ3JhcGh5e0J5149RTRAAfabl2fMCdyQ0MTY1MmMyMC1lNzM2LTRlM2EtODdhZC01YzRjN2I3NzdlYzQB5vLsuQEKPQmnBt8B9gIAyQIAbABeAFwA0gEAuAiyAfUGAA==\",\"updateId\":191617696}","footnotes":""},"class_list":["post-900","page","type-page","status-publish","hentry"],"blocksy_meta":{"styles_descriptor":{"styles":{"desktop":"","tablet":"","mobile":""},"google_fonts":[],"version":6}},"yoast_head":"<!-- This site is optimized with the Yoast SEO plugin v27.3 - https:\/\/yoast.com\/product\/yoast-seo-wordpress\/ -->\n<title>Medios Disponibles - Pagina WEB de la EBA<\/title>\n<meta name=\"robots\" content=\"index, follow, max-snippet:-1, max-image-preview:large, max-video-preview:-1\" \/>\n<link rel=\"canonical\" href=\"https:\/\/eba.com.bo\/index.php\/medios-disponibles\/\" \/>\n<meta property=\"og:locale\" content=\"es_MX\" \/>\n<meta property=\"og:type\" content=\"article\" \/>\n<meta property=\"og:title\" content=\"Medios Disponibles - Pagina WEB de la EBA\" \/>\n<meta property=\"og:description\" content=\"MEDIOS DISPONIBLES PARA EL ACCESO A LA INFORMACI\u00d3N El mundo de la comunicaci\u00f3n gubernamental digital pas\u00f3 de un modelo unidireccional a un modelo multidireccional, en el cual la interacci\u00f3n se realiza con enfoques colaborativos, participativos e interactivos, en base a control social, validadas por normativas vigentes.&nbsp; Es necesario que el Gobierno fortalezca su presencia y [&hellip;]\" \/>\n<meta property=\"og:url\" content=\"https:\/\/eba.com.bo\/index.php\/medios-disponibles\/\" \/>\n<meta property=\"og:site_name\" content=\"Pagina WEB de la EBA\" \/>\n<meta property=\"article:publisher\" content=\"https:\/\/www.facebook.com\/EmpresaBolivianadeAlimentos?locale=es_LA\" \/>\n<meta property=\"article:modified_time\" content=\"2026-04-10T19:54:01+00:00\" \/>\n<meta name=\"twitter:card\" content=\"summary_large_image\" \/>\n<meta name=\"twitter:site\" content=\"@ebabolivia\" \/>\n<meta name=\"twitter:label1\" content=\"Tiempo de lectura\" \/>\n\t<meta name=\"twitter:data1\" content=\"1 minuto\" \/>\n<script type=\"application\/ld+json\" class=\"yoast-schema-graph\">{\"@context\":\"https:\\\/\\\/schema.org\",\"@graph\":[{\"@type\":\"WebPage\",\"@id\":\"https:\\\/\\\/eba.com.bo\\\/index.php\\\/medios-disponibles\\\/\",\"url\":\"https:\\\/\\\/eba.com.bo\\\/index.php\\\/medios-disponibles\\\/\",\"name\":\"Medios Disponibles - Pagina WEB de la EBA\",\"isPartOf\":{\"@id\":\"https:\\\/\\\/eba.com.bo\\\/#website\"},\"datePublished\":\"2025-05-13T17:06:10+00:00\",\"dateModified\":\"2026-04-10T19:54:01+00:00\",\"breadcrumb\":{\"@id\":\"https:\\\/\\\/eba.com.bo\\\/index.php\\\/medios-disponibles\\\/#breadcrumb\"},\"inLanguage\":\"es\",\"potentialAction\":[{\"@type\":\"ReadAction\",\"target\":[\"https:\\\/\\\/eba.com.bo\\\/index.php\\\/medios-disponibles\\\/\"]}]},{\"@type\":\"BreadcrumbList\",\"@id\":\"https:\\\/\\\/eba.com.bo\\\/index.php\\\/medios-disponibles\\\/#breadcrumb\",\"itemListElement\":[{\"@type\":\"ListItem\",\"position\":1,\"name\":\"Inicio\",\"item\":\"https:\\\/\\\/eba.com.bo\\\/\"},{\"@type\":\"ListItem\",\"position\":2,\"name\":\"Medios Disponibles\"}]},{\"@type\":\"WebSite\",\"@id\":\"https:\\\/\\\/eba.com.bo\\\/#website\",\"url\":\"https:\\\/\\\/eba.com.bo\\\/\",\"name\":\"Pagina WEB de la EBA\",\"description\":\"Empresa de Alimentos\",\"publisher\":{\"@id\":\"https:\\\/\\\/eba.com.bo\\\/#organization\"},\"potentialAction\":[{\"@type\":\"SearchAction\",\"target\":{\"@type\":\"EntryPoint\",\"urlTemplate\":\"https:\\\/\\\/eba.com.bo\\\/?s={search_term_string}\"},\"query-input\":{\"@type\":\"PropertyValueSpecification\",\"valueRequired\":true,\"valueName\":\"search_term_string\"}}],\"inLanguage\":\"es\"},{\"@type\":\"Organization\",\"@id\":\"https:\\\/\\\/eba.com.bo\\\/#organization\",\"name\":\"Pagina WEB de la EBA\",\"url\":\"https:\\\/\\\/eba.com.bo\\\/\",\"logo\":{\"@type\":\"ImageObject\",\"inLanguage\":\"es\",\"@id\":\"https:\\\/\\\/eba.com.bo\\\/#\\\/schema\\\/logo\\\/image\\\/\",\"url\":\"https:\\\/\\\/eba.com.bo\\\/wp-content\\\/uploads\\\/2026\\\/04\\\/logotipo-eba-02.png\",\"contentUrl\":\"https:\\\/\\\/eba.com.bo\\\/wp-content\\\/uploads\\\/2026\\\/04\\\/logotipo-eba-02.png\",\"width\":1063,\"height\":511,\"caption\":\"Pagina WEB de la EBA\"},\"image\":{\"@id\":\"https:\\\/\\\/eba.com.bo\\\/#\\\/schema\\\/logo\\\/image\\\/\"},\"sameAs\":[\"https:\\\/\\\/www.facebook.com\\\/EmpresaBolivianadeAlimentos?locale=es_LA\",\"https:\\\/\\\/x.com\\\/ebabolivia\"]}]}<\/script>\n<!-- \/ Yoast SEO plugin. -->","yoast_head_json":{"title":"Medios Disponibles - Pagina WEB de la EBA","robots":{"index":"index","follow":"follow","max-snippet":"max-snippet:-1","max-image-preview":"max-image-preview:large","max-video-preview":"max-video-preview:-1"},"canonical":"https:\/\/eba.com.bo\/index.php\/medios-disponibles\/","og_locale":"es_MX","og_type":"article","og_title":"Medios Disponibles - Pagina WEB de la EBA","og_description":"MEDIOS DISPONIBLES PARA EL ACCESO A LA INFORMACI\u00d3N El mundo de la comunicaci\u00f3n gubernamental digital pas\u00f3 de un modelo unidireccional a un modelo multidireccional, en el cual la interacci\u00f3n se realiza con enfoques colaborativos, participativos e interactivos, en base a control social, validadas por normativas vigentes.&nbsp; Es necesario que el Gobierno fortalezca su presencia y [&hellip;]","og_url":"https:\/\/eba.com.bo\/index.php\/medios-disponibles\/","og_site_name":"Pagina WEB de la EBA","article_publisher":"https:\/\/www.facebook.com\/EmpresaBolivianadeAlimentos?locale=es_LA","article_modified_time":"2026-04-10T19:54:01+00:00","twitter_card":"summary_large_image","twitter_site":"@ebabolivia","twitter_misc":{"Tiempo de lectura":"1 minuto"},"schema":{"@context":"https:\/\/schema.org","@graph":[{"@type":"WebPage","@id":"https:\/\/eba.com.bo\/index.php\/medios-disponibles\/","url":"https:\/\/eba.com.bo\/index.php\/medios-disponibles\/","name":"Medios Disponibles - Pagina WEB de la EBA","isPartOf":{"@id":"https:\/\/eba.com.bo\/#website"},"datePublished":"2025-05-13T17:06:10+00:00","dateModified":"2026-04-10T19:54:01+00:00","breadcrumb":{"@id":"https:\/\/eba.com.bo\/index.php\/medios-disponibles\/#breadcrumb"},"inLanguage":"es","potentialAction":[{"@type":"ReadAction","target":["https:\/\/eba.com.bo\/index.php\/medios-disponibles\/"]}]},{"@type":"BreadcrumbList","@id":"https:\/\/eba.com.bo\/index.php\/medios-disponibles\/#breadcrumb","itemListElement":[{"@type":"ListItem","position":1,"name":"Inicio","item":"https:\/\/eba.com.bo\/"},{"@type":"ListItem","position":2,"name":"Medios Disponibles"}]},{"@type":"WebSite","@id":"https:\/\/eba.com.bo\/#website","url":"https:\/\/eba.com.bo\/","name":"Pagina WEB de la EBA","description":"Empresa de Alimentos","publisher":{"@id":"https:\/\/eba.com.bo\/#organization"},"potentialAction":[{"@type":"SearchAction","target":{"@type":"EntryPoint","urlTemplate":"https:\/\/eba.com.bo\/?s={search_term_string}"},"query-input":{"@type":"PropertyValueSpecification","valueRequired":true,"valueName":"search_term_string"}}],"inLanguage":"es"},{"@type":"Organization","@id":"https:\/\/eba.com.bo\/#organization","name":"Pagina WEB de la EBA","url":"https:\/\/eba.com.bo\/","logo":{"@type":"ImageObject","inLanguage":"es","@id":"https:\/\/eba.com.bo\/#\/schema\/logo\/image\/","url":"https:\/\/eba.com.bo\/wp-content\/uploads\/2026\/04\/logotipo-eba-02.png","contentUrl":"https:\/\/eba.com.bo\/wp-content\/uploads\/2026\/04\/logotipo-eba-02.png","width":1063,"height":511,"caption":"Pagina WEB de la EBA"},"image":{"@id":"https:\/\/eba.com.bo\/#\/schema\/logo\/image\/"},"sameAs":["https:\/\/www.facebook.com\/EmpresaBolivianadeAlimentos?locale=es_LA","https:\/\/x.com\/ebabolivia"]}]}},"_links":{"self":[{"href":"https:\/\/eba.com.bo\/index.php\/wp-json\/wp\/v2\/pages\/900","targetHints":{"allow":["GET"]}}],"collection":[{"href":"https:\/\/eba.com.bo\/index.php\/wp-json\/wp\/v2\/pages"}],"about":[{"href":"https:\/\/eba.com.bo\/index.php\/wp-json\/wp\/v2\/types\/page"}],"author":[{"embeddable":true,"href":"https:\/\/eba.com.bo\/index.php\/wp-json\/wp\/v2\/users\/1"}],"replies":[{"embeddable":true,"href":"https:\/\/eba.com.bo\/index.php\/wp-json\/wp\/v2\/comments?post=900"}],"version-history":[{"count":4,"href":"https:\/\/eba.com.bo\/index.php\/wp-json\/wp\/v2\/pages\/900\/revisions"}],"predecessor-version":[{"id":2511,"href":"https:\/\/eba.com.bo\/index.php\/wp-json\/wp\/v2\/pages\/900\/revisions\/2511"}],"wp:attachment":[{"href":"https:\/\/eba.com.bo\/index.php\/wp-json\/wp\/v2\/media?parent=900"}],"curies":[{"name":"wp","href":"https:\/\/api.w.org\/{rel}","templated":true}]}}