{"id":669,"date":"2025-05-09T11:39:41","date_gmt":"2025-05-09T15:39:41","guid":{"rendered":"http:\/\/172.16.1.168\/wordpress\/?page_id=669"},"modified":"2026-04-08T11:30:25","modified_gmt":"2026-04-08T15:30:25","slug":"contactos","status":"publish","type":"page","link":"https:\/\/eba.com.bo\/index.php\/contactos\/","title":{"rendered":"Contactos"},"content":{"rendered":"\n<div class=\"wp-block-stackable-columns stk-block-columns stk-block stk-9546fca\" data-block-id=\"9546fca\"><div class=\"stk-row stk-inner-blocks stk-block-content stk-content-align stk-9546fca-column\">\n<div class=\"wp-block-stackable-column stk-block-column stk-column stk-block stk-c99e4f7\" data-v=\"4\" data-block-id=\"c99e4f7\"><div class=\"stk-column-wrapper stk-block-column__content stk-container stk-c99e4f7-container stk--no-background stk--no-padding\"><div class=\"stk-block-content stk-inner-blocks stk-c99e4f7-inner-blocks\">\n<div class=\"wp-block-stackable-text stk-block-text stk-block stk-b3b089a\" data-block-id=\"b3b089a\"><p class=\"stk-block-text__text\"><strong>OFICINAS SEDE CENTRAL<\/strong><\/p><\/div>\n\n\n\n<p class=\"wp-block-paragraph\"><strong>Direcci\u00f3n:<\/strong>Av. Mariscal Santa Cruz N\u00b0 1392 \u2013 Edif. C\u00e1mara Nacional de Comercio, Piso 12.<\/p>\n\n\n\n<p class=\"wp-block-paragraph\"><strong>Tel\u00e9fono:<\/strong>\u00a02120512<\/p>\n\n\n\n<p class=\"wp-block-paragraph\"><strong>DEPARTAMENTO DE TRANSPARENCIA Y LUCHA CONTRA LA CORRUPCI\u00d3N<\/strong><\/p>\n\n\n\n<p class=\"wp-block-paragraph\"><strong>Tel\u00e9fono:<\/strong>&nbsp;2120483<\/p>\n\n\n\n<p class=\"wp-block-paragraph\"><strong>OFICINAS VILLA F\u00c1TIMA<\/strong><\/p>\n\n\n\n<p class=\"wp-block-paragraph\">Gerencia Comercial y Producci\u00f3n<\/p>\n\n\n\n<p class=\"wp-block-paragraph\"><strong>Direcci\u00f3n:<\/strong>&nbsp;Calle Mayor Lopera Nro. 230, Villa Fatima, La Paz.<\/p>\n\n\n\n<p class=\"wp-block-paragraph\"><strong>Tel\u00e9fonos:<\/strong>&nbsp;2120512<\/p>\n\n\n\n<p class=\"wp-block-paragraph\"><strong>Horarios de atenci\u00f3n:<\/strong>Lunes&nbsp;a&nbsp;Viernes&nbsp;de:&nbsp;09:00 a 17:00<\/p>\n\n\n\n<p class=\"wp-block-paragraph\"><strong>Correo Electr\u00f3nico: <\/strong><span style=\"color: var(--theme-palette-color-4, #d5810b);\" class=\"stk-highlight\"><a href=\"http:\/\/eba@eba.com.bo\/\"><u>eba@eba.com.bo<\/u><\/a>&nbsp;\u2013&nbsp;<a href=\"mailto:export@eba.com.bo\">export@eba.com.bo<\/a><\/span><\/p>\n<\/div><\/div><\/div>\n<\/div><\/div>\n\n\n\n<div class=\"wp-block-stackable-map stk-block-map stk-block stk-d34a928\" data-block-id=\"d34a928\"><style>.stk-d34a928 .stk-block-map__canvas, .stk-d34a928 iframe{height:330px !important;}<\/style><iframe\n\t\t\t\t\t\ttitle=\"Embedded content from Google Maps Platform.\"\n\t\t\t\t\t\tsrc=\"https:\/\/maps.google.com\/maps?q=-16.50030677583257, -68.13429948683266&#038;t=&#038;z=17&#038;ie=UTF8&#038;output=embed\"\n\t\t\t\t\t\tstyle=\"border:0;width:100%;max-width:none;max-height:none;height:100%;\"\n\t\t\t\t\t\taria-hidden=\"false\"\n\t\t\t\t\t\ttabIndex=\"0\"\n\t\t\t\t\t\tallowfullscreen\n\t\t\t\t\t\tloading=\"lazy\"\n\t\t\t\t\t\tframeBorder=\"0\"\n\t\t\t\t\t><\/iframe><\/div>\n\n\n\n<div class=\"wp-block-stackable-columns stk-block-columns stk-block stk-794dd23\" data-block-id=\"794dd23\"><div class=\"stk-row stk-inner-blocks stk-block-content stk-content-align stk-794dd23-column\">\n<div class=\"wp-block-stackable-column stk-block-column stk-column stk-block stk-1995f2d\" data-v=\"4\" data-block-id=\"1995f2d\"><div class=\"stk-column-wrapper stk-block-column__content stk-container stk-1995f2d-container stk--no-background stk--no-padding\"><div class=\"stk-block-content stk-inner-blocks stk-1995f2d-inner-blocks\">\n<figure class=\"wp-block-image aligncenter size-full is-resized\"><img loading=\"lazy\" decoding=\"async\" width=\"1275\" height=\"1650\" src=\"https:\/\/eba.com.bo\/wp-content\/uploads\/2026\/02\/VENTASS-3.jpg\" alt=\"\" class=\"wp-image-2351\" style=\"width:1004px;height:auto\" srcset=\"https:\/\/eba.com.bo\/wp-content\/uploads\/2026\/02\/VENTASS-3.jpg 1275w, https:\/\/eba.com.bo\/wp-content\/uploads\/2026\/02\/VENTASS-3-232x300.jpg 232w, https:\/\/eba.com.bo\/wp-content\/uploads\/2026\/02\/VENTASS-3-791x1024.jpg 791w, https:\/\/eba.com.bo\/wp-content\/uploads\/2026\/02\/VENTASS-3-768x994.jpg 768w, https:\/\/eba.com.bo\/wp-content\/uploads\/2026\/02\/VENTASS-3-1187x1536.jpg 1187w, https:\/\/eba.com.bo\/wp-content\/uploads\/2026\/02\/VENTASS-3-300x388.jpg 300w, https:\/\/eba.com.bo\/wp-content\/uploads\/2026\/02\/VENTASS-3-600x776.jpg 600w\" sizes=\"auto, (max-width: 1275px) 100vw, 1275px\" \/><\/figure>\n\n\n\n<h5 class=\"wp-block-heading\"><\/h5>\n<\/div><\/div><\/div>\n<\/div><\/div>\n\n\n\n<div class=\"wp-block-stackable-columns stk-block-columns stk-block stk-1b36b02\" data-block-id=\"1b36b02\"><div class=\"stk-row stk-inner-blocks stk-block-content stk-content-align stk-1b36b02-column\">\n<div class=\"wp-block-stackable-column stk-block-column stk-column stk-block stk-868a6d7\" data-v=\"4\" data-block-id=\"868a6d7\"><style>@media screen and (min-width:690px){.stk-868a6d7 {flex:var(--stk-flex-grow, 1) 1 calc(24% - var(--stk-column-gap, 0px) * 2 \/ 3 ) !important;}}<\/style><div class=\"stk-column-wrapper stk-block-column__content stk-container stk-868a6d7-container stk--no-background stk--no-padding\"><div class=\"stk-block-content stk-inner-blocks stk-868a6d7-inner-blocks\"><\/div><\/div><\/div>\n\n\n\n<div class=\"wp-block-stackable-column stk-block-column stk-column stk-block stk-c8f5d9d\" data-v=\"4\" data-block-id=\"c8f5d9d\"><style>@media screen and (min-width:690px){.stk-c8f5d9d {flex:var(--stk-flex-grow, 1) 1 calc(52% - var(--stk-column-gap, 0px) * 2 \/ 3 ) !important;}}<\/style><div class=\"stk-column-wrapper stk-block-column__content stk-container stk-c8f5d9d-container stk--no-background stk--no-padding\"><div class=\"stk-block-content stk-inner-blocks stk-c8f5d9d-inner-blocks\">\n<iframe loading=\"lazy\" src=\"https:\/\/www.google.com\/maps\/d\/u\/0\/embed?mid=1pENojJfiRTdqy0CYaZZP7AvECLBZo4U&#038;ehbc=2E312F\" width=\"640\" height=\"480\"><\/iframe>\n<\/div><\/div><\/div>\n\n\n\n<div class=\"wp-block-stackable-column stk-block-column stk-column stk-block stk-b7ce7e1\" data-v=\"4\" data-block-id=\"b7ce7e1\"><style>@media screen and (min-width:690px){.stk-b7ce7e1 {flex:var(--stk-flex-grow, 1) 1 calc(24% - var(--stk-column-gap, 0px) * 2 \/ 3 ) !important;}}<\/style><div class=\"stk-column-wrapper stk-block-column__content stk-container stk-b7ce7e1-container stk--no-background stk--no-padding\"><div class=\"stk-block-content stk-inner-blocks stk-b7ce7e1-inner-blocks\"><\/div><\/div><\/div>\n<\/div><\/div>\n","protected":false},"excerpt":{"rendered":"<p>OFICINAS SEDE CENTRAL Direcci\u00f3n:Av. Mariscal Santa Cruz N\u00b0 1392 \u2013 Edif. C\u00e1mara Nacional de Comercio, Piso 12. Tel\u00e9fono:\u00a02120512 DEPARTAMENTO DE TRANSPARENCIA Y LUCHA CONTRA LA CORRUPCI\u00d3N Tel\u00e9fono:&nbsp;2120483 OFICINAS VILLA F\u00c1TIMA Gerencia Comercial y Producci\u00f3n Direcci\u00f3n:&nbsp;Calle Mayor Lopera Nro. 230, Villa Fatima, La Paz. Tel\u00e9fonos:&nbsp;2120512 Horarios de atenci\u00f3n:Lunes&nbsp;a&nbsp;Viernes&nbsp;de:&nbsp;09:00 a 17:00 Correo Electr\u00f3nico: eba@eba.com.bo&nbsp;\u2013&nbsp;export@eba.com.bo<\/p>\n","protected":false},"author":1,"featured_media":0,"parent":0,"menu_order":0,"comment_status":"closed","ping_status":"closed","template":"","meta":{"_crdt_document":"","footnotes":""},"class_list":["post-669","page","type-page","status-publish","hentry"],"blocksy_meta":[],"yoast_head":"<!-- This site is optimized with the Yoast SEO plugin v27.3 - https:\/\/yoast.com\/product\/yoast-seo-wordpress\/ -->\n<title>Contactos - Pagina WEB de la EBA<\/title>\n<meta name=\"robots\" content=\"index, follow, max-snippet:-1, max-image-preview:large, max-video-preview:-1\" \/>\n<link rel=\"canonical\" href=\"https:\/\/eba.com.bo\/index.php\/contactos\/\" \/>\n<meta property=\"og:locale\" content=\"es_MX\" \/>\n<meta property=\"og:type\" content=\"article\" \/>\n<meta property=\"og:title\" content=\"Contactos - Pagina WEB de la EBA\" \/>\n<meta property=\"og:description\" content=\"OFICINAS SEDE CENTRAL Direcci\u00f3n:Av. Mariscal Santa Cruz N\u00b0 1392 \u2013 Edif. C\u00e1mara Nacional de Comercio, Piso 12. Tel\u00e9fono:\u00a02120512 DEPARTAMENTO DE TRANSPARENCIA Y LUCHA CONTRA LA CORRUPCI\u00d3N Tel\u00e9fono:&nbsp;2120483 OFICINAS VILLA F\u00c1TIMA Gerencia Comercial y Producci\u00f3n Direcci\u00f3n:&nbsp;Calle Mayor Lopera Nro. 230, Villa Fatima, La Paz. Tel\u00e9fonos:&nbsp;2120512 Horarios de atenci\u00f3n:Lunes&nbsp;a&nbsp;Viernes&nbsp;de:&nbsp;09:00 a 17:00 Correo Electr\u00f3nico: eba@eba.com.bo&nbsp;\u2013&nbsp;export@eba.com.bo\" \/>\n<meta property=\"og:url\" content=\"https:\/\/eba.com.bo\/index.php\/contactos\/\" \/>\n<meta property=\"og:site_name\" content=\"Pagina WEB de la EBA\" \/>\n<meta property=\"article:publisher\" content=\"https:\/\/www.facebook.com\/EmpresaBolivianadeAlimentos?locale=es_LA\" \/>\n<meta property=\"article:modified_time\" content=\"2026-04-08T15:30:25+00:00\" \/>\n<meta property=\"og:image\" content=\"https:\/\/eba.com.bo\/wp-content\/uploads\/2026\/02\/VENTASS-3.jpg\" \/>\n\t<meta property=\"og:image:width\" content=\"1275\" \/>\n\t<meta property=\"og:image:height\" content=\"1650\" \/>\n\t<meta property=\"og:image:type\" content=\"image\/jpeg\" \/>\n<meta name=\"twitter:card\" content=\"summary_large_image\" \/>\n<meta name=\"twitter:site\" content=\"@ebabolivia\" \/>\n<meta name=\"twitter:label1\" content=\"Tiempo de lectura\" \/>\n\t<meta name=\"twitter:data1\" content=\"1 minuto\" \/>\n<script type=\"application\/ld+json\" class=\"yoast-schema-graph\">{\"@context\":\"https:\\\/\\\/schema.org\",\"@graph\":[{\"@type\":\"WebPage\",\"@id\":\"https:\\\/\\\/eba.com.bo\\\/index.php\\\/contactos\\\/\",\"url\":\"https:\\\/\\\/eba.com.bo\\\/index.php\\\/contactos\\\/\",\"name\":\"Contactos - Pagina WEB de la EBA\",\"isPartOf\":{\"@id\":\"https:\\\/\\\/eba.com.bo\\\/#website\"},\"primaryImageOfPage\":{\"@id\":\"https:\\\/\\\/eba.com.bo\\\/index.php\\\/contactos\\\/#primaryimage\"},\"image\":{\"@id\":\"https:\\\/\\\/eba.com.bo\\\/index.php\\\/contactos\\\/#primaryimage\"},\"thumbnailUrl\":\"https:\\\/\\\/eba.com.bo\\\/wp-content\\\/uploads\\\/2026\\\/02\\\/VENTASS-3.jpg\",\"datePublished\":\"2025-05-09T15:39:41+00:00\",\"dateModified\":\"2026-04-08T15:30:25+00:00\",\"breadcrumb\":{\"@id\":\"https:\\\/\\\/eba.com.bo\\\/index.php\\\/contactos\\\/#breadcrumb\"},\"inLanguage\":\"es\",\"potentialAction\":[{\"@type\":\"ReadAction\",\"target\":[\"https:\\\/\\\/eba.com.bo\\\/index.php\\\/contactos\\\/\"]}]},{\"@type\":\"ImageObject\",\"inLanguage\":\"es\",\"@id\":\"https:\\\/\\\/eba.com.bo\\\/index.php\\\/contactos\\\/#primaryimage\",\"url\":\"https:\\\/\\\/eba.com.bo\\\/wp-content\\\/uploads\\\/2026\\\/02\\\/VENTASS-3.jpg\",\"contentUrl\":\"https:\\\/\\\/eba.com.bo\\\/wp-content\\\/uploads\\\/2026\\\/02\\\/VENTASS-3.jpg\",\"width\":1275,\"height\":1650},{\"@type\":\"BreadcrumbList\",\"@id\":\"https:\\\/\\\/eba.com.bo\\\/index.php\\\/contactos\\\/#breadcrumb\",\"itemListElement\":[{\"@type\":\"ListItem\",\"position\":1,\"name\":\"Inicio\",\"item\":\"https:\\\/\\\/eba.com.bo\\\/\"},{\"@type\":\"ListItem\",\"position\":2,\"name\":\"Contactos\"}]},{\"@type\":\"WebSite\",\"@id\":\"https:\\\/\\\/eba.com.bo\\\/#website\",\"url\":\"https:\\\/\\\/eba.com.bo\\\/\",\"name\":\"Pagina WEB de la EBA\",\"description\":\"Empresa de Alimentos\",\"publisher\":{\"@id\":\"https:\\\/\\\/eba.com.bo\\\/#organization\"},\"potentialAction\":[{\"@type\":\"SearchAction\",\"target\":{\"@type\":\"EntryPoint\",\"urlTemplate\":\"https:\\\/\\\/eba.com.bo\\\/?s={search_term_string}\"},\"query-input\":{\"@type\":\"PropertyValueSpecification\",\"valueRequired\":true,\"valueName\":\"search_term_string\"}}],\"inLanguage\":\"es\"},{\"@type\":\"Organization\",\"@id\":\"https:\\\/\\\/eba.com.bo\\\/#organization\",\"name\":\"Pagina WEB de la EBA\",\"url\":\"https:\\\/\\\/eba.com.bo\\\/\",\"logo\":{\"@type\":\"ImageObject\",\"inLanguage\":\"es\",\"@id\":\"https:\\\/\\\/eba.com.bo\\\/#\\\/schema\\\/logo\\\/image\\\/\",\"url\":\"https:\\\/\\\/eba.com.bo\\\/wp-content\\\/uploads\\\/2026\\\/04\\\/logotipo-eba-02.png\",\"contentUrl\":\"https:\\\/\\\/eba.com.bo\\\/wp-content\\\/uploads\\\/2026\\\/04\\\/logotipo-eba-02.png\",\"width\":1063,\"height\":511,\"caption\":\"Pagina WEB de la EBA\"},\"image\":{\"@id\":\"https:\\\/\\\/eba.com.bo\\\/#\\\/schema\\\/logo\\\/image\\\/\"},\"sameAs\":[\"https:\\\/\\\/www.facebook.com\\\/EmpresaBolivianadeAlimentos?locale=es_LA\",\"https:\\\/\\\/x.com\\\/ebabolivia\"]}]}<\/script>\n<!-- \/ Yoast SEO plugin. -->","yoast_head_json":{"title":"Contactos - Pagina WEB de la EBA","robots":{"index":"index","follow":"follow","max-snippet":"max-snippet:-1","max-image-preview":"max-image-preview:large","max-video-preview":"max-video-preview:-1"},"canonical":"https:\/\/eba.com.bo\/index.php\/contactos\/","og_locale":"es_MX","og_type":"article","og_title":"Contactos - Pagina WEB de la EBA","og_description":"OFICINAS SEDE CENTRAL Direcci\u00f3n:Av. Mariscal Santa Cruz N\u00b0 1392 \u2013 Edif. C\u00e1mara Nacional de Comercio, Piso 12. Tel\u00e9fono:\u00a02120512 DEPARTAMENTO DE TRANSPARENCIA Y LUCHA CONTRA LA CORRUPCI\u00d3N Tel\u00e9fono:&nbsp;2120483 OFICINAS VILLA F\u00c1TIMA Gerencia Comercial y Producci\u00f3n Direcci\u00f3n:&nbsp;Calle Mayor Lopera Nro. 230, Villa Fatima, La Paz. Tel\u00e9fonos:&nbsp;2120512 Horarios de atenci\u00f3n:Lunes&nbsp;a&nbsp;Viernes&nbsp;de:&nbsp;09:00 a 17:00 Correo Electr\u00f3nico: eba@eba.com.bo&nbsp;\u2013&nbsp;export@eba.com.bo","og_url":"https:\/\/eba.com.bo\/index.php\/contactos\/","og_site_name":"Pagina WEB de la EBA","article_publisher":"https:\/\/www.facebook.com\/EmpresaBolivianadeAlimentos?locale=es_LA","article_modified_time":"2026-04-08T15:30:25+00:00","og_image":[{"width":1275,"height":1650,"url":"https:\/\/eba.com.bo\/wp-content\/uploads\/2026\/02\/VENTASS-3.jpg","type":"image\/jpeg"}],"twitter_card":"summary_large_image","twitter_site":"@ebabolivia","twitter_misc":{"Tiempo de lectura":"1 minuto"},"schema":{"@context":"https:\/\/schema.org","@graph":[{"@type":"WebPage","@id":"https:\/\/eba.com.bo\/index.php\/contactos\/","url":"https:\/\/eba.com.bo\/index.php\/contactos\/","name":"Contactos - Pagina WEB de la EBA","isPartOf":{"@id":"https:\/\/eba.com.bo\/#website"},"primaryImageOfPage":{"@id":"https:\/\/eba.com.bo\/index.php\/contactos\/#primaryimage"},"image":{"@id":"https:\/\/eba.com.bo\/index.php\/contactos\/#primaryimage"},"thumbnailUrl":"https:\/\/eba.com.bo\/wp-content\/uploads\/2026\/02\/VENTASS-3.jpg","datePublished":"2025-05-09T15:39:41+00:00","dateModified":"2026-04-08T15:30:25+00:00","breadcrumb":{"@id":"https:\/\/eba.com.bo\/index.php\/contactos\/#breadcrumb"},"inLanguage":"es","potentialAction":[{"@type":"ReadAction","target":["https:\/\/eba.com.bo\/index.php\/contactos\/"]}]},{"@type":"ImageObject","inLanguage":"es","@id":"https:\/\/eba.com.bo\/index.php\/contactos\/#primaryimage","url":"https:\/\/eba.com.bo\/wp-content\/uploads\/2026\/02\/VENTASS-3.jpg","contentUrl":"https:\/\/eba.com.bo\/wp-content\/uploads\/2026\/02\/VENTASS-3.jpg","width":1275,"height":1650},{"@type":"BreadcrumbList","@id":"https:\/\/eba.com.bo\/index.php\/contactos\/#breadcrumb","itemListElement":[{"@type":"ListItem","position":1,"name":"Inicio","item":"https:\/\/eba.com.bo\/"},{"@type":"ListItem","position":2,"name":"Contactos"}]},{"@type":"WebSite","@id":"https:\/\/eba.com.bo\/#website","url":"https:\/\/eba.com.bo\/","name":"Pagina WEB de la EBA","description":"Empresa de Alimentos","publisher":{"@id":"https:\/\/eba.com.bo\/#organization"},"potentialAction":[{"@type":"SearchAction","target":{"@type":"EntryPoint","urlTemplate":"https:\/\/eba.com.bo\/?s={search_term_string}"},"query-input":{"@type":"PropertyValueSpecification","valueRequired":true,"valueName":"search_term_string"}}],"inLanguage":"es"},{"@type":"Organization","@id":"https:\/\/eba.com.bo\/#organization","name":"Pagina WEB de la EBA","url":"https:\/\/eba.com.bo\/","logo":{"@type":"ImageObject","inLanguage":"es","@id":"https:\/\/eba.com.bo\/#\/schema\/logo\/image\/","url":"https:\/\/eba.com.bo\/wp-content\/uploads\/2026\/04\/logotipo-eba-02.png","contentUrl":"https:\/\/eba.com.bo\/wp-content\/uploads\/2026\/04\/logotipo-eba-02.png","width":1063,"height":511,"caption":"Pagina WEB de la EBA"},"image":{"@id":"https:\/\/eba.com.bo\/#\/schema\/logo\/image\/"},"sameAs":["https:\/\/www.facebook.com\/EmpresaBolivianadeAlimentos?locale=es_LA","https:\/\/x.com\/ebabolivia"]}]}},"_links":{"self":[{"href":"https:\/\/eba.com.bo\/index.php\/wp-json\/wp\/v2\/pages\/669","targetHints":{"allow":["GET"]}}],"collection":[{"href":"https:\/\/eba.com.bo\/index.php\/wp-json\/wp\/v2\/pages"}],"about":[{"href":"https:\/\/eba.com.bo\/index.php\/wp-json\/wp\/v2\/types\/page"}],"author":[{"embeddable":true,"href":"https:\/\/eba.com.bo\/index.php\/wp-json\/wp\/v2\/users\/1"}],"replies":[{"embeddable":true,"href":"https:\/\/eba.com.bo\/index.php\/wp-json\/wp\/v2\/comments?post=669"}],"version-history":[{"count":30,"href":"https:\/\/eba.com.bo\/index.php\/wp-json\/wp\/v2\/pages\/669\/revisions"}],"predecessor-version":[{"id":2459,"href":"https:\/\/eba.com.bo\/index.php\/wp-json\/wp\/v2\/pages\/669\/revisions\/2459"}],"wp:attachment":[{"href":"https:\/\/eba.com.bo\/index.php\/wp-json\/wp\/v2\/media?parent=669"}],"curies":[{"name":"wp","href":"https:\/\/api.w.org\/{rel}","templated":true}]}}